{"id":2016,"date":"2019-02-26T09:39:56","date_gmt":"2019-02-26T08:39:56","guid":{"rendered":"https:\/\/invido.de\/diversite\/beschlaege\/"},"modified":"2025-04-03T16:06:07","modified_gmt":"2025-04-03T14:06:07","slug":"ferrures","status":"publish","type":"page","link":"https:\/\/invido.de\/fr\/meubles-sur-mesure\/personnaliser-les-meubles\/ferrures\/","title":{"rendered":"Accessoires"},"content":{"rendered":"<p>Du filigrane ludique \u00e0 l&rsquo;\u00e9l\u00e9gance puriste, mais toujours fonctionnelle et ergonomique, telle est la ligne de poign\u00e9es et de boutons InVIDO. L&rsquo;aluminium, le laiton et le zinc avec des surfaces laqu\u00e9es ou anodis\u00e9es en acier inoxydable ou en aspect aluminium ainsi que des combinaisons exceptionnelles de m\u00e9tal et de cuir donnent \u00e0 votre nouveau meuble une touche individuelle.<\/p>\n","protected":false},"excerpt":{"rendered":"<p>Du filigrane ludique \u00e0 l&rsquo;\u00e9l\u00e9gance puriste, mais toujours fonctionnelle et ergonomique, telle est la ligne de poign\u00e9es et de boutons InVIDO. L&rsquo;aluminium, le laiton et le zinc avec des surfaces laqu\u00e9es ou anodis\u00e9es en acier inoxydable ou en aspect aluminium ainsi que des combinaisons exceptionnelles de m\u00e9tal et de cuir donnent \u00e0 votre nouveau meuble &hellip;<\/p>\n","protected":false},"author":1,"featured_media":6206,"parent":2008,"menu_order":2,"comment_status":"closed","ping_status":"closed","template":"page-templates\/archive.php","meta":{"footnotes":""},"class_list":["post-2016","page","type-page","status-publish","has-post-thumbnail"],"yoast_head":"<!-- This site is optimized with the Yoast SEO plugin v26.2 - https:\/\/yoast.com\/wordpress\/plugins\/seo\/ -->\n<title>Accessoires - InVIDO<\/title>\n<meta name=\"robots\" content=\"index, follow, max-snippet:-1, max-image-preview:large, max-video-preview:-1\" \/>\n<link rel=\"canonical\" href=\"https:\/\/invido.de\/fr\/meubles-sur-mesure\/personnaliser-les-meubles\/ferrures\/\" \/>\n<meta property=\"og:locale\" content=\"fr_FR\" \/>\n<meta property=\"og:type\" content=\"article\" \/>\n<meta property=\"og:title\" content=\"Accessoires - InVIDO\" \/>\n<meta property=\"og:description\" content=\"Du filigrane ludique \u00e0 l&rsquo;\u00e9l\u00e9gance puriste, mais toujours fonctionnelle et ergonomique, telle est la ligne de poign\u00e9es et de boutons InVIDO. L&rsquo;aluminium, le laiton et le zinc avec des surfaces laqu\u00e9es ou anodis\u00e9es en acier inoxydable ou en aspect aluminium ainsi que des combinaisons exceptionnelles de m\u00e9tal et de cuir donnent \u00e0 votre nouveau meuble &hellip;\" \/>\n<meta property=\"og:url\" content=\"https:\/\/invido.de\/fr\/meubles-sur-mesure\/personnaliser-les-meubles\/ferrures\/\" \/>\n<meta property=\"og:site_name\" content=\"InVIDO\" \/>\n<meta property=\"article:modified_time\" content=\"2025-04-03T14:06:07+00:00\" \/>\n<meta property=\"og:image\" content=\"https:\/\/invido.de\/media\/2022\/08\/individuelle_beschlaege-invido.jpg\" \/>\n\t<meta property=\"og:image:width\" content=\"2000\" \/>\n\t<meta property=\"og:image:height\" content=\"701\" \/>\n\t<meta property=\"og:image:type\" content=\"image\/jpeg\" \/>\n<meta name=\"twitter:card\" content=\"summary_large_image\" \/>\n<meta name=\"twitter:label1\" content=\"Dur\u00e9e de lecture estim\u00e9e\" \/>\n\t<meta name=\"twitter:data1\" content=\"1 minute\" \/>\n<script type=\"application\/ld+json\" class=\"yoast-schema-graph\">{\"@context\":\"https:\/\/schema.org\",\"@graph\":[{\"@type\":\"WebPage\",\"@id\":\"https:\/\/invido.de\/fr\/meubles-sur-mesure\/personnaliser-les-meubles\/ferrures\/\",\"url\":\"https:\/\/invido.de\/fr\/meubles-sur-mesure\/personnaliser-les-meubles\/ferrures\/\",\"name\":\"Accessoires - InVIDO\",\"isPartOf\":{\"@id\":\"https:\/\/invido.de\/fr\/#website\"},\"primaryImageOfPage\":{\"@id\":\"https:\/\/invido.de\/fr\/meubles-sur-mesure\/personnaliser-les-meubles\/ferrures\/#primaryimage\"},\"image\":{\"@id\":\"https:\/\/invido.de\/fr\/meubles-sur-mesure\/personnaliser-les-meubles\/ferrures\/#primaryimage\"},\"thumbnailUrl\":\"https:\/\/invido.de\/media\/2022\/08\/individuelle_beschlaege-invido.jpg\",\"datePublished\":\"2019-02-26T08:39:56+00:00\",\"dateModified\":\"2025-04-03T14:06:07+00:00\",\"breadcrumb\":{\"@id\":\"https:\/\/invido.de\/fr\/meubles-sur-mesure\/personnaliser-les-meubles\/ferrures\/#breadcrumb\"},\"inLanguage\":\"fr-FR\",\"potentialAction\":[{\"@type\":\"ReadAction\",\"target\":[\"https:\/\/invido.de\/fr\/meubles-sur-mesure\/personnaliser-les-meubles\/ferrures\/\"]}]},{\"@type\":\"ImageObject\",\"inLanguage\":\"fr-FR\",\"@id\":\"https:\/\/invido.de\/fr\/meubles-sur-mesure\/personnaliser-les-meubles\/ferrures\/#primaryimage\",\"url\":\"https:\/\/invido.de\/media\/2022\/08\/individuelle_beschlaege-invido.jpg\",\"contentUrl\":\"https:\/\/invido.de\/media\/2022\/08\/individuelle_beschlaege-invido.jpg\",\"width\":2000,\"height\":701},{\"@type\":\"BreadcrumbList\",\"@id\":\"https:\/\/invido.de\/fr\/meubles-sur-mesure\/personnaliser-les-meubles\/ferrures\/#breadcrumb\",\"itemListElement\":[{\"@type\":\"ListItem\",\"position\":1,\"name\":\"Startseite\",\"item\":\"https:\/\/invido.de\/fr\/\"},{\"@type\":\"ListItem\",\"position\":2,\"name\":\"Meubles sur mesure\",\"item\":\"https:\/\/invido.de\/fr\/meubles-sur-mesure\/\"},{\"@type\":\"ListItem\",\"position\":3,\"name\":\"Personnaliser les meubles\",\"item\":\"https:\/\/invido.de\/fr\/meubles-sur-mesure\/personnaliser-les-meubles\/\"},{\"@type\":\"ListItem\",\"position\":4,\"name\":\"Accessoires\"}]},{\"@type\":\"WebSite\",\"@id\":\"https:\/\/invido.de\/fr\/#website\",\"url\":\"https:\/\/invido.de\/fr\/\",\"name\":\"InVIDO\",\"description\":\"\",\"potentialAction\":[{\"@type\":\"SearchAction\",\"target\":{\"@type\":\"EntryPoint\",\"urlTemplate\":\"https:\/\/invido.de\/fr\/?s={search_term_string}\"},\"query-input\":{\"@type\":\"PropertyValueSpecification\",\"valueRequired\":true,\"valueName\":\"search_term_string\"}}],\"inLanguage\":\"fr-FR\"}]}<\/script>\n<!-- \/ Yoast SEO plugin. -->","yoast_head_json":{"title":"Accessoires - InVIDO","robots":{"index":"index","follow":"follow","max-snippet":"max-snippet:-1","max-image-preview":"max-image-preview:large","max-video-preview":"max-video-preview:-1"},"canonical":"https:\/\/invido.de\/fr\/meubles-sur-mesure\/personnaliser-les-meubles\/ferrures\/","og_locale":"fr_FR","og_type":"article","og_title":"Accessoires - InVIDO","og_description":"Du filigrane ludique \u00e0 l&rsquo;\u00e9l\u00e9gance puriste, mais toujours fonctionnelle et ergonomique, telle est la ligne de poign\u00e9es et de boutons InVIDO. L&rsquo;aluminium, le laiton et le zinc avec des surfaces laqu\u00e9es ou anodis\u00e9es en acier inoxydable ou en aspect aluminium ainsi que des combinaisons exceptionnelles de m\u00e9tal et de cuir donnent \u00e0 votre nouveau meuble &hellip;","og_url":"https:\/\/invido.de\/fr\/meubles-sur-mesure\/personnaliser-les-meubles\/ferrures\/","og_site_name":"InVIDO","article_modified_time":"2025-04-03T14:06:07+00:00","og_image":[{"width":2000,"height":701,"url":"https:\/\/invido.de\/media\/2022\/08\/individuelle_beschlaege-invido.jpg","type":"image\/jpeg"}],"twitter_card":"summary_large_image","twitter_misc":{"Dur\u00e9e de lecture estim\u00e9e":"1 minute"},"schema":{"@context":"https:\/\/schema.org","@graph":[{"@type":"WebPage","@id":"https:\/\/invido.de\/fr\/meubles-sur-mesure\/personnaliser-les-meubles\/ferrures\/","url":"https:\/\/invido.de\/fr\/meubles-sur-mesure\/personnaliser-les-meubles\/ferrures\/","name":"Accessoires - InVIDO","isPartOf":{"@id":"https:\/\/invido.de\/fr\/#website"},"primaryImageOfPage":{"@id":"https:\/\/invido.de\/fr\/meubles-sur-mesure\/personnaliser-les-meubles\/ferrures\/#primaryimage"},"image":{"@id":"https:\/\/invido.de\/fr\/meubles-sur-mesure\/personnaliser-les-meubles\/ferrures\/#primaryimage"},"thumbnailUrl":"https:\/\/invido.de\/media\/2022\/08\/individuelle_beschlaege-invido.jpg","datePublished":"2019-02-26T08:39:56+00:00","dateModified":"2025-04-03T14:06:07+00:00","breadcrumb":{"@id":"https:\/\/invido.de\/fr\/meubles-sur-mesure\/personnaliser-les-meubles\/ferrures\/#breadcrumb"},"inLanguage":"fr-FR","potentialAction":[{"@type":"ReadAction","target":["https:\/\/invido.de\/fr\/meubles-sur-mesure\/personnaliser-les-meubles\/ferrures\/"]}]},{"@type":"ImageObject","inLanguage":"fr-FR","@id":"https:\/\/invido.de\/fr\/meubles-sur-mesure\/personnaliser-les-meubles\/ferrures\/#primaryimage","url":"https:\/\/invido.de\/media\/2022\/08\/individuelle_beschlaege-invido.jpg","contentUrl":"https:\/\/invido.de\/media\/2022\/08\/individuelle_beschlaege-invido.jpg","width":2000,"height":701},{"@type":"BreadcrumbList","@id":"https:\/\/invido.de\/fr\/meubles-sur-mesure\/personnaliser-les-meubles\/ferrures\/#breadcrumb","itemListElement":[{"@type":"ListItem","position":1,"name":"Startseite","item":"https:\/\/invido.de\/fr\/"},{"@type":"ListItem","position":2,"name":"Meubles sur mesure","item":"https:\/\/invido.de\/fr\/meubles-sur-mesure\/"},{"@type":"ListItem","position":3,"name":"Personnaliser les meubles","item":"https:\/\/invido.de\/fr\/meubles-sur-mesure\/personnaliser-les-meubles\/"},{"@type":"ListItem","position":4,"name":"Accessoires"}]},{"@type":"WebSite","@id":"https:\/\/invido.de\/fr\/#website","url":"https:\/\/invido.de\/fr\/","name":"InVIDO","description":"","potentialAction":[{"@type":"SearchAction","target":{"@type":"EntryPoint","urlTemplate":"https:\/\/invido.de\/fr\/?s={search_term_string}"},"query-input":{"@type":"PropertyValueSpecification","valueRequired":true,"valueName":"search_term_string"}}],"inLanguage":"fr-FR"}]}},"_links":{"self":[{"href":"https:\/\/invido.de\/fr\/wp-json\/wp\/v2\/pages\/2016","targetHints":{"allow":["GET"]}}],"collection":[{"href":"https:\/\/invido.de\/fr\/wp-json\/wp\/v2\/pages"}],"about":[{"href":"https:\/\/invido.de\/fr\/wp-json\/wp\/v2\/types\/page"}],"author":[{"embeddable":true,"href":"https:\/\/invido.de\/fr\/wp-json\/wp\/v2\/users\/1"}],"replies":[{"embeddable":true,"href":"https:\/\/invido.de\/fr\/wp-json\/wp\/v2\/comments?post=2016"}],"version-history":[{"count":2,"href":"https:\/\/invido.de\/fr\/wp-json\/wp\/v2\/pages\/2016\/revisions"}],"predecessor-version":[{"id":9035,"href":"https:\/\/invido.de\/fr\/wp-json\/wp\/v2\/pages\/2016\/revisions\/9035"}],"up":[{"embeddable":true,"href":"https:\/\/invido.de\/fr\/wp-json\/wp\/v2\/pages\/2008"}],"wp:featuredmedia":[{"embeddable":true,"href":"https:\/\/invido.de\/fr\/wp-json\/wp\/v2\/media\/6206"}],"wp:attachment":[{"href":"https:\/\/invido.de\/fr\/wp-json\/wp\/v2\/media?parent=2016"}],"curies":[{"name":"wp","href":"https:\/\/api.w.org\/{rel}","templated":true}]}}