{"id":2020,"date":"2019-06-13T13:28:48","date_gmt":"2019-06-13T11:28:48","guid":{"rendered":"https:\/\/invido.de\/inspirations-by-invido\/"},"modified":"2022-08-29T09:50:35","modified_gmt":"2022-08-29T07:50:35","slug":"amenager-des-espaces-de-vie","status":"publish","type":"page","link":"https:\/\/invido.de\/fr\/amenager-des-espaces-de-vie\/","title":{"rendered":"Am\u00e9nager des espaces de vie"},"content":{"rendered":"<p>Avec InVIDO, chaque pi\u00e8ce devient unique. Gr\u00e2ce aux nombreuses possibilit\u00e9s de combinaisons et de d\u00e9tails, chaque pi\u00e8ce peut rev\u00eatir un caract\u00e8re unique. Les meubles d'InVIDO sont aussi uniques que vous. Laissez-vous inspirer et laissez libre cours \u00e0 vos souhaits et \u00e0 votre cr\u00e9ativit\u00e9.<\/p>\n","protected":false},"excerpt":{"rendered":"<p>Avec InVIDO, chaque pi\u00e8ce devient unique. Gr\u00e2ce aux nombreuses possibilit\u00e9s de combinaisons et de d\u00e9tails, chaque pi\u00e8ce peut rev\u00eatir un caract\u00e8re unique. Les meubles d&rsquo;InVIDO sont aussi uniques que vous. Laissez-vous inspirer et laissez libre cours \u00e0 vos souhaits et \u00e0 votre cr\u00e9ativit\u00e9.<\/p>\n","protected":false},"author":1,"featured_media":0,"parent":0,"menu_order":14,"comment_status":"closed","ping_status":"closed","template":"page-templates\/archive.php","meta":{"footnotes":""},"class_list":["post-2020","page","type-page","status-publish"],"yoast_head":"<!-- This site is optimized with the Yoast SEO plugin v26.2 - https:\/\/yoast.com\/wordpress\/plugins\/seo\/ -->\n<title>Am\u00e9nager des espaces de vie - InVIDO<\/title>\n<meta name=\"robots\" content=\"index, follow, max-snippet:-1, max-image-preview:large, max-video-preview:-1\" \/>\n<link rel=\"canonical\" href=\"https:\/\/invido.de\/fr\/amenager-des-espaces-de-vie\/\" \/>\n<meta property=\"og:locale\" content=\"fr_FR\" \/>\n<meta property=\"og:type\" content=\"article\" \/>\n<meta property=\"og:title\" content=\"Am\u00e9nager des espaces de vie - InVIDO\" \/>\n<meta property=\"og:description\" content=\"Avec InVIDO, chaque pi\u00e8ce devient unique. Gr\u00e2ce aux nombreuses possibilit\u00e9s de combinaisons et de d\u00e9tails, chaque pi\u00e8ce peut rev\u00eatir un caract\u00e8re unique. Les meubles d&#039;InVIDO sont aussi uniques que vous. Laissez-vous inspirer et laissez libre cours \u00e0 vos souhaits et \u00e0 votre cr\u00e9ativit\u00e9.\" \/>\n<meta property=\"og:url\" content=\"https:\/\/invido.de\/fr\/amenager-des-espaces-de-vie\/\" \/>\n<meta property=\"og:site_name\" content=\"InVIDO\" \/>\n<meta property=\"article:modified_time\" content=\"2022-08-29T07:50:35+00:00\" \/>\n<meta name=\"twitter:card\" content=\"summary_large_image\" \/>\n<script type=\"application\/ld+json\" class=\"yoast-schema-graph\">{\"@context\":\"https:\/\/schema.org\",\"@graph\":[{\"@type\":\"WebPage\",\"@id\":\"https:\/\/invido.de\/fr\/amenager-des-espaces-de-vie\/\",\"url\":\"https:\/\/invido.de\/fr\/amenager-des-espaces-de-vie\/\",\"name\":\"Am\u00e9nager des espaces de vie - InVIDO\",\"isPartOf\":{\"@id\":\"https:\/\/invido.de\/fr\/#website\"},\"datePublished\":\"2019-06-13T11:28:48+00:00\",\"dateModified\":\"2022-08-29T07:50:35+00:00\",\"breadcrumb\":{\"@id\":\"https:\/\/invido.de\/fr\/amenager-des-espaces-de-vie\/#breadcrumb\"},\"inLanguage\":\"fr-FR\",\"potentialAction\":[{\"@type\":\"ReadAction\",\"target\":[\"https:\/\/invido.de\/fr\/amenager-des-espaces-de-vie\/\"]}]},{\"@type\":\"BreadcrumbList\",\"@id\":\"https:\/\/invido.de\/fr\/amenager-des-espaces-de-vie\/#breadcrumb\",\"itemListElement\":[{\"@type\":\"ListItem\",\"position\":1,\"name\":\"Startseite\",\"item\":\"https:\/\/invido.de\/fr\/\"},{\"@type\":\"ListItem\",\"position\":2,\"name\":\"Am\u00e9nager des espaces de vie\"}]},{\"@type\":\"WebSite\",\"@id\":\"https:\/\/invido.de\/fr\/#website\",\"url\":\"https:\/\/invido.de\/fr\/\",\"name\":\"InVIDO\",\"description\":\"\",\"potentialAction\":[{\"@type\":\"SearchAction\",\"target\":{\"@type\":\"EntryPoint\",\"urlTemplate\":\"https:\/\/invido.de\/fr\/?s={search_term_string}\"},\"query-input\":{\"@type\":\"PropertyValueSpecification\",\"valueRequired\":true,\"valueName\":\"search_term_string\"}}],\"inLanguage\":\"fr-FR\"}]}<\/script>\n<!-- \/ Yoast SEO plugin. -->","yoast_head_json":{"title":"Am\u00e9nager des espaces de vie - InVIDO","robots":{"index":"index","follow":"follow","max-snippet":"max-snippet:-1","max-image-preview":"max-image-preview:large","max-video-preview":"max-video-preview:-1"},"canonical":"https:\/\/invido.de\/fr\/amenager-des-espaces-de-vie\/","og_locale":"fr_FR","og_type":"article","og_title":"Am\u00e9nager des espaces de vie - InVIDO","og_description":"Avec InVIDO, chaque pi\u00e8ce devient unique. Gr\u00e2ce aux nombreuses possibilit\u00e9s de combinaisons et de d\u00e9tails, chaque pi\u00e8ce peut rev\u00eatir un caract\u00e8re unique. Les meubles d'InVIDO sont aussi uniques que vous. Laissez-vous inspirer et laissez libre cours \u00e0 vos souhaits et \u00e0 votre cr\u00e9ativit\u00e9.","og_url":"https:\/\/invido.de\/fr\/amenager-des-espaces-de-vie\/","og_site_name":"InVIDO","article_modified_time":"2022-08-29T07:50:35+00:00","twitter_card":"summary_large_image","schema":{"@context":"https:\/\/schema.org","@graph":[{"@type":"WebPage","@id":"https:\/\/invido.de\/fr\/amenager-des-espaces-de-vie\/","url":"https:\/\/invido.de\/fr\/amenager-des-espaces-de-vie\/","name":"Am\u00e9nager des espaces de vie - InVIDO","isPartOf":{"@id":"https:\/\/invido.de\/fr\/#website"},"datePublished":"2019-06-13T11:28:48+00:00","dateModified":"2022-08-29T07:50:35+00:00","breadcrumb":{"@id":"https:\/\/invido.de\/fr\/amenager-des-espaces-de-vie\/#breadcrumb"},"inLanguage":"fr-FR","potentialAction":[{"@type":"ReadAction","target":["https:\/\/invido.de\/fr\/amenager-des-espaces-de-vie\/"]}]},{"@type":"BreadcrumbList","@id":"https:\/\/invido.de\/fr\/amenager-des-espaces-de-vie\/#breadcrumb","itemListElement":[{"@type":"ListItem","position":1,"name":"Startseite","item":"https:\/\/invido.de\/fr\/"},{"@type":"ListItem","position":2,"name":"Am\u00e9nager des espaces de vie"}]},{"@type":"WebSite","@id":"https:\/\/invido.de\/fr\/#website","url":"https:\/\/invido.de\/fr\/","name":"InVIDO","description":"","potentialAction":[{"@type":"SearchAction","target":{"@type":"EntryPoint","urlTemplate":"https:\/\/invido.de\/fr\/?s={search_term_string}"},"query-input":{"@type":"PropertyValueSpecification","valueRequired":true,"valueName":"search_term_string"}}],"inLanguage":"fr-FR"}]}},"_links":{"self":[{"href":"https:\/\/invido.de\/fr\/wp-json\/wp\/v2\/pages\/2020","targetHints":{"allow":["GET"]}}],"collection":[{"href":"https:\/\/invido.de\/fr\/wp-json\/wp\/v2\/pages"}],"about":[{"href":"https:\/\/invido.de\/fr\/wp-json\/wp\/v2\/types\/page"}],"author":[{"embeddable":true,"href":"https:\/\/invido.de\/fr\/wp-json\/wp\/v2\/users\/1"}],"replies":[{"embeddable":true,"href":"https:\/\/invido.de\/fr\/wp-json\/wp\/v2\/comments?post=2020"}],"version-history":[{"count":3,"href":"https:\/\/invido.de\/fr\/wp-json\/wp\/v2\/pages\/2020\/revisions"}],"predecessor-version":[{"id":6172,"href":"https:\/\/invido.de\/fr\/wp-json\/wp\/v2\/pages\/2020\/revisions\/6172"}],"wp:attachment":[{"href":"https:\/\/invido.de\/fr\/wp-json\/wp\/v2\/media?parent=2020"}],"curies":[{"name":"wp","href":"https:\/\/api.w.org\/{rel}","templated":true}]}}