{"id":2024,"date":"2019-02-25T10:43:23","date_gmt":"2019-02-25T09:43:23","guid":{"rendered":"https:\/\/invido.de\/partner\/"},"modified":"2022-01-20T11:21:43","modified_gmt":"2022-01-20T10:21:43","slug":"partenaires","status":"publish","type":"page","link":"https:\/\/invido.de\/fr\/partenaires\/","title":{"rendered":"Partenaires"},"content":{"rendered":"<p>Vous souhaitez vendre des offres exclusives et des mod\u00e8les uniques \u00e0 vos clients ? Avec InVIDO, c&rsquo;est un partenaire comp\u00e9tent, flexible et cr\u00e9atif qui est \u00e0 vos c\u00f4t\u00e9s. Nous trouvons une solution InVIDOelle pour presque tous les souhaits de vos clients. Vous pouvez choisir parmi une large gamme d&rsquo;\u00e9l\u00e9ments pouvant \u00eatre combin\u00e9s \u00e0 souhait. Vous souhaitez devenir un partenaire InVIDO ? Envoyez-nous un message.<\/p>\n","protected":false},"excerpt":{"rendered":"<p>Informez-vous sur les avantages d&rsquo;un partenariat et rejoignez la famille InVIDO.<\/p>\n","protected":false},"author":1,"featured_media":1956,"parent":0,"menu_order":17,"comment_status":"closed","ping_status":"closed","template":"page-templates\/partner.php","meta":{"footnotes":""},"class_list":["post-2024","page","type-page","status-publish","has-post-thumbnail"],"yoast_head":"<!-- This site is optimized with the Yoast SEO plugin v26.2 - https:\/\/yoast.com\/wordpress\/plugins\/seo\/ -->\n<title>Partenaires - InVIDO<\/title>\n<meta name=\"robots\" content=\"index, follow, max-snippet:-1, max-image-preview:large, max-video-preview:-1\" \/>\n<link rel=\"canonical\" href=\"https:\/\/invido.de\/fr\/partenaires\/\" \/>\n<meta property=\"og:locale\" content=\"fr_FR\" \/>\n<meta property=\"og:type\" content=\"article\" \/>\n<meta property=\"og:title\" content=\"Partenaires - InVIDO\" \/>\n<meta property=\"og:description\" content=\"Informez-vous sur les avantages d&#039;un partenariat et rejoignez la famille [#].\" \/>\n<meta property=\"og:url\" content=\"https:\/\/invido.de\/fr\/partenaires\/\" \/>\n<meta property=\"og:site_name\" content=\"InVIDO\" \/>\n<meta property=\"article:modified_time\" content=\"2022-01-20T10:21:43+00:00\" \/>\n<meta property=\"og:image\" content=\"https:\/\/invido.de\/media\/2019\/09\/autorisierte-invido-partnerschaft.jpg\" \/>\n\t<meta property=\"og:image:width\" content=\"2000\" \/>\n\t<meta property=\"og:image:height\" content=\"1000\" \/>\n\t<meta property=\"og:image:type\" content=\"image\/jpeg\" \/>\n<meta name=\"twitter:card\" content=\"summary_large_image\" \/>\n<script type=\"application\/ld+json\" class=\"yoast-schema-graph\">{\"@context\":\"https:\/\/schema.org\",\"@graph\":[{\"@type\":\"WebPage\",\"@id\":\"https:\/\/invido.de\/fr\/partenaires\/\",\"url\":\"https:\/\/invido.de\/fr\/partenaires\/\",\"name\":\"Partenaires - InVIDO\",\"isPartOf\":{\"@id\":\"https:\/\/invido.de\/fr\/#website\"},\"primaryImageOfPage\":{\"@id\":\"https:\/\/invido.de\/fr\/partenaires\/#primaryimage\"},\"image\":{\"@id\":\"https:\/\/invido.de\/fr\/partenaires\/#primaryimage\"},\"thumbnailUrl\":\"https:\/\/invido.de\/media\/2019\/09\/autorisierte-invido-partnerschaft.jpg\",\"datePublished\":\"2019-02-25T09:43:23+00:00\",\"dateModified\":\"2022-01-20T10:21:43+00:00\",\"breadcrumb\":{\"@id\":\"https:\/\/invido.de\/fr\/partenaires\/#breadcrumb\"},\"inLanguage\":\"fr-FR\",\"potentialAction\":[{\"@type\":\"ReadAction\",\"target\":[\"https:\/\/invido.de\/fr\/partenaires\/\"]}]},{\"@type\":\"ImageObject\",\"inLanguage\":\"fr-FR\",\"@id\":\"https:\/\/invido.de\/fr\/partenaires\/#primaryimage\",\"url\":\"https:\/\/invido.de\/media\/2019\/09\/autorisierte-invido-partnerschaft.jpg\",\"contentUrl\":\"https:\/\/invido.de\/media\/2019\/09\/autorisierte-invido-partnerschaft.jpg\",\"width\":2000,\"height\":1000,\"caption\":\"Autorisierte InVIDO Partnerschaft\"},{\"@type\":\"BreadcrumbList\",\"@id\":\"https:\/\/invido.de\/fr\/partenaires\/#breadcrumb\",\"itemListElement\":[{\"@type\":\"ListItem\",\"position\":1,\"name\":\"Startseite\",\"item\":\"https:\/\/invido.de\/fr\/\"},{\"@type\":\"ListItem\",\"position\":2,\"name\":\"Partenaires\"}]},{\"@type\":\"WebSite\",\"@id\":\"https:\/\/invido.de\/fr\/#website\",\"url\":\"https:\/\/invido.de\/fr\/\",\"name\":\"InVIDO\",\"description\":\"\",\"potentialAction\":[{\"@type\":\"SearchAction\",\"target\":{\"@type\":\"EntryPoint\",\"urlTemplate\":\"https:\/\/invido.de\/fr\/?s={search_term_string}\"},\"query-input\":{\"@type\":\"PropertyValueSpecification\",\"valueRequired\":true,\"valueName\":\"search_term_string\"}}],\"inLanguage\":\"fr-FR\"}]}<\/script>\n<!-- \/ Yoast SEO plugin. -->","yoast_head_json":{"title":"Partenaires - InVIDO","robots":{"index":"index","follow":"follow","max-snippet":"max-snippet:-1","max-image-preview":"max-image-preview:large","max-video-preview":"max-video-preview:-1"},"canonical":"https:\/\/invido.de\/fr\/partenaires\/","og_locale":"fr_FR","og_type":"article","og_title":"Partenaires - InVIDO","og_description":"Informez-vous sur les avantages d'un partenariat et rejoignez la famille [#].","og_url":"https:\/\/invido.de\/fr\/partenaires\/","og_site_name":"InVIDO","article_modified_time":"2022-01-20T10:21:43+00:00","og_image":[{"width":2000,"height":1000,"url":"https:\/\/invido.de\/media\/2019\/09\/autorisierte-invido-partnerschaft.jpg","type":"image\/jpeg"}],"twitter_card":"summary_large_image","schema":{"@context":"https:\/\/schema.org","@graph":[{"@type":"WebPage","@id":"https:\/\/invido.de\/fr\/partenaires\/","url":"https:\/\/invido.de\/fr\/partenaires\/","name":"Partenaires - InVIDO","isPartOf":{"@id":"https:\/\/invido.de\/fr\/#website"},"primaryImageOfPage":{"@id":"https:\/\/invido.de\/fr\/partenaires\/#primaryimage"},"image":{"@id":"https:\/\/invido.de\/fr\/partenaires\/#primaryimage"},"thumbnailUrl":"https:\/\/invido.de\/media\/2019\/09\/autorisierte-invido-partnerschaft.jpg","datePublished":"2019-02-25T09:43:23+00:00","dateModified":"2022-01-20T10:21:43+00:00","breadcrumb":{"@id":"https:\/\/invido.de\/fr\/partenaires\/#breadcrumb"},"inLanguage":"fr-FR","potentialAction":[{"@type":"ReadAction","target":["https:\/\/invido.de\/fr\/partenaires\/"]}]},{"@type":"ImageObject","inLanguage":"fr-FR","@id":"https:\/\/invido.de\/fr\/partenaires\/#primaryimage","url":"https:\/\/invido.de\/media\/2019\/09\/autorisierte-invido-partnerschaft.jpg","contentUrl":"https:\/\/invido.de\/media\/2019\/09\/autorisierte-invido-partnerschaft.jpg","width":2000,"height":1000,"caption":"Autorisierte InVIDO Partnerschaft"},{"@type":"BreadcrumbList","@id":"https:\/\/invido.de\/fr\/partenaires\/#breadcrumb","itemListElement":[{"@type":"ListItem","position":1,"name":"Startseite","item":"https:\/\/invido.de\/fr\/"},{"@type":"ListItem","position":2,"name":"Partenaires"}]},{"@type":"WebSite","@id":"https:\/\/invido.de\/fr\/#website","url":"https:\/\/invido.de\/fr\/","name":"InVIDO","description":"","potentialAction":[{"@type":"SearchAction","target":{"@type":"EntryPoint","urlTemplate":"https:\/\/invido.de\/fr\/?s={search_term_string}"},"query-input":{"@type":"PropertyValueSpecification","valueRequired":true,"valueName":"search_term_string"}}],"inLanguage":"fr-FR"}]}},"_links":{"self":[{"href":"https:\/\/invido.de\/fr\/wp-json\/wp\/v2\/pages\/2024","targetHints":{"allow":["GET"]}}],"collection":[{"href":"https:\/\/invido.de\/fr\/wp-json\/wp\/v2\/pages"}],"about":[{"href":"https:\/\/invido.de\/fr\/wp-json\/wp\/v2\/types\/page"}],"author":[{"embeddable":true,"href":"https:\/\/invido.de\/fr\/wp-json\/wp\/v2\/users\/1"}],"replies":[{"embeddable":true,"href":"https:\/\/invido.de\/fr\/wp-json\/wp\/v2\/comments?post=2024"}],"version-history":[{"count":3,"href":"https:\/\/invido.de\/fr\/wp-json\/wp\/v2\/pages\/2024\/revisions"}],"predecessor-version":[{"id":3390,"href":"https:\/\/invido.de\/fr\/wp-json\/wp\/v2\/pages\/2024\/revisions\/3390"}],"wp:featuredmedia":[{"embeddable":true,"href":"https:\/\/invido.de\/fr\/wp-json\/wp\/v2\/media\/1956"}],"wp:attachment":[{"href":"https:\/\/invido.de\/fr\/wp-json\/wp\/v2\/media?parent=2024"}],"curies":[{"name":"wp","href":"https:\/\/api.w.org\/{rel}","templated":true}]}}