{"id":2036,"date":"2019-02-25T10:44:09","date_gmt":"2019-02-25T09:44:09","guid":{"rendered":"https:\/\/invido.de\/invido\/"},"modified":"2022-01-20T11:18:11","modified_gmt":"2022-01-20T10:18:11","slug":"a-propos","status":"publish","type":"page","link":"https:\/\/invido.de\/fr\/a-propos\/","title":{"rendered":"\u00c0 propos d'InVIDO"},"content":{"rendered":"<p>Un logement, c&rsquo;est bien plus que quatre murs et un toit. InVIDO am\u00e9nage votre habitat de mani\u00e8re individuelle et unique. Pour que vous puissiez vous sentir bien, vous d\u00e9tendre, profiter de la vie et vous d\u00e9fouler, mais aussi pour des moments calmes et plus anim\u00e9s. Pour vous.<\/p>\n","protected":false},"excerpt":{"rendered":"<p>Un logement, c&rsquo;est bien plus que quatre murs et un toit. InVIDO am\u00e9nage votre habitat de mani\u00e8re individuelle et unique. Pour que vous puissiez vous sentir bien, vous d\u00e9tendre, profiter de la vie et vous d\u00e9fouler, mais aussi pour des moments calmes et plus anim\u00e9s. Pour vous.<\/p>\n","protected":false},"author":1,"featured_media":1944,"parent":0,"menu_order":35,"comment_status":"closed","ping_status":"closed","template":"page-templates\/facts.php","meta":{"footnotes":""},"class_list":["post-2036","page","type-page","status-publish","has-post-thumbnail"],"yoast_head":"<!-- This site is optimized with the Yoast SEO plugin v26.2 - https:\/\/yoast.com\/wordpress\/plugins\/seo\/ -->\n<title>\u00c0 propos d&#039;[#] - InVIDO<\/title>\n<meta name=\"robots\" content=\"index, follow, max-snippet:-1, max-image-preview:large, max-video-preview:-1\" \/>\n<link rel=\"canonical\" href=\"https:\/\/invido.de\/fr\/a-propos\/\" \/>\n<meta property=\"og:locale\" content=\"fr_FR\" \/>\n<meta property=\"og:type\" content=\"article\" \/>\n<meta property=\"og:title\" content=\"\u00c0 propos d&#039;[#] - InVIDO\" \/>\n<meta property=\"og:description\" content=\"Un logement, c&rsquo;est bien plus que quatre murs et un toit. InVIDO am\u00e9nage votre habitat de mani\u00e8re individuelle et unique. Pour que vous puissiez vous sentir bien, vous d\u00e9tendre, profiter de la vie et vous d\u00e9fouler, mais aussi pour des moments calmes et plus anim\u00e9s. Pour vous.\" \/>\n<meta property=\"og:url\" content=\"https:\/\/invido.de\/fr\/a-propos\/\" \/>\n<meta property=\"og:site_name\" content=\"InVIDO\" \/>\n<meta property=\"article:modified_time\" content=\"2022-01-20T10:18:11+00:00\" \/>\n<meta property=\"og:image\" content=\"https:\/\/invido.de\/media\/2019\/09\/invido-unternehmen.jpg\" \/>\n\t<meta property=\"og:image:width\" content=\"2000\" \/>\n\t<meta property=\"og:image:height\" content=\"1000\" \/>\n\t<meta property=\"og:image:type\" content=\"image\/jpeg\" \/>\n<meta name=\"twitter:card\" content=\"summary_large_image\" \/>\n<script type=\"application\/ld+json\" class=\"yoast-schema-graph\">{\"@context\":\"https:\/\/schema.org\",\"@graph\":[{\"@type\":\"WebPage\",\"@id\":\"https:\/\/invido.de\/fr\/a-propos\/\",\"url\":\"https:\/\/invido.de\/fr\/a-propos\/\",\"name\":\"\u00c0 propos d'[#] - InVIDO\",\"isPartOf\":{\"@id\":\"https:\/\/invido.de\/fr\/#website\"},\"primaryImageOfPage\":{\"@id\":\"https:\/\/invido.de\/fr\/a-propos\/#primaryimage\"},\"image\":{\"@id\":\"https:\/\/invido.de\/fr\/a-propos\/#primaryimage\"},\"thumbnailUrl\":\"https:\/\/invido.de\/media\/2019\/09\/invido-unternehmen.jpg\",\"datePublished\":\"2019-02-25T09:44:09+00:00\",\"dateModified\":\"2022-01-20T10:18:11+00:00\",\"breadcrumb\":{\"@id\":\"https:\/\/invido.de\/fr\/a-propos\/#breadcrumb\"},\"inLanguage\":\"fr-FR\",\"potentialAction\":[{\"@type\":\"ReadAction\",\"target\":[\"https:\/\/invido.de\/fr\/a-propos\/\"]}]},{\"@type\":\"ImageObject\",\"inLanguage\":\"fr-FR\",\"@id\":\"https:\/\/invido.de\/fr\/a-propos\/#primaryimage\",\"url\":\"https:\/\/invido.de\/media\/2019\/09\/invido-unternehmen.jpg\",\"contentUrl\":\"https:\/\/invido.de\/media\/2019\/09\/invido-unternehmen.jpg\",\"width\":2000,\"height\":1000},{\"@type\":\"BreadcrumbList\",\"@id\":\"https:\/\/invido.de\/fr\/a-propos\/#breadcrumb\",\"itemListElement\":[{\"@type\":\"ListItem\",\"position\":1,\"name\":\"Startseite\",\"item\":\"https:\/\/invido.de\/fr\/\"},{\"@type\":\"ListItem\",\"position\":2,\"name\":\"\u00c0 propos d'InVIDO\"}]},{\"@type\":\"WebSite\",\"@id\":\"https:\/\/invido.de\/fr\/#website\",\"url\":\"https:\/\/invido.de\/fr\/\",\"name\":\"InVIDO\",\"description\":\"\",\"potentialAction\":[{\"@type\":\"SearchAction\",\"target\":{\"@type\":\"EntryPoint\",\"urlTemplate\":\"https:\/\/invido.de\/fr\/?s={search_term_string}\"},\"query-input\":{\"@type\":\"PropertyValueSpecification\",\"valueRequired\":true,\"valueName\":\"search_term_string\"}}],\"inLanguage\":\"fr-FR\"}]}<\/script>\n<!-- \/ Yoast SEO plugin. -->","yoast_head_json":{"title":"\u00c0 propos d'[#] - InVIDO","robots":{"index":"index","follow":"follow","max-snippet":"max-snippet:-1","max-image-preview":"max-image-preview:large","max-video-preview":"max-video-preview:-1"},"canonical":"https:\/\/invido.de\/fr\/a-propos\/","og_locale":"fr_FR","og_type":"article","og_title":"\u00c0 propos d'[#] - InVIDO","og_description":"Un logement, c&rsquo;est bien plus que quatre murs et un toit. InVIDO am\u00e9nage votre habitat de mani\u00e8re individuelle et unique. Pour que vous puissiez vous sentir bien, vous d\u00e9tendre, profiter de la vie et vous d\u00e9fouler, mais aussi pour des moments calmes et plus anim\u00e9s. Pour vous.","og_url":"https:\/\/invido.de\/fr\/a-propos\/","og_site_name":"InVIDO","article_modified_time":"2022-01-20T10:18:11+00:00","og_image":[{"width":2000,"height":1000,"url":"https:\/\/invido.de\/media\/2019\/09\/invido-unternehmen.jpg","type":"image\/jpeg"}],"twitter_card":"summary_large_image","schema":{"@context":"https:\/\/schema.org","@graph":[{"@type":"WebPage","@id":"https:\/\/invido.de\/fr\/a-propos\/","url":"https:\/\/invido.de\/fr\/a-propos\/","name":"\u00c0 propos d'[#] - InVIDO","isPartOf":{"@id":"https:\/\/invido.de\/fr\/#website"},"primaryImageOfPage":{"@id":"https:\/\/invido.de\/fr\/a-propos\/#primaryimage"},"image":{"@id":"https:\/\/invido.de\/fr\/a-propos\/#primaryimage"},"thumbnailUrl":"https:\/\/invido.de\/media\/2019\/09\/invido-unternehmen.jpg","datePublished":"2019-02-25T09:44:09+00:00","dateModified":"2022-01-20T10:18:11+00:00","breadcrumb":{"@id":"https:\/\/invido.de\/fr\/a-propos\/#breadcrumb"},"inLanguage":"fr-FR","potentialAction":[{"@type":"ReadAction","target":["https:\/\/invido.de\/fr\/a-propos\/"]}]},{"@type":"ImageObject","inLanguage":"fr-FR","@id":"https:\/\/invido.de\/fr\/a-propos\/#primaryimage","url":"https:\/\/invido.de\/media\/2019\/09\/invido-unternehmen.jpg","contentUrl":"https:\/\/invido.de\/media\/2019\/09\/invido-unternehmen.jpg","width":2000,"height":1000},{"@type":"BreadcrumbList","@id":"https:\/\/invido.de\/fr\/a-propos\/#breadcrumb","itemListElement":[{"@type":"ListItem","position":1,"name":"Startseite","item":"https:\/\/invido.de\/fr\/"},{"@type":"ListItem","position":2,"name":"\u00c0 propos d'InVIDO"}]},{"@type":"WebSite","@id":"https:\/\/invido.de\/fr\/#website","url":"https:\/\/invido.de\/fr\/","name":"InVIDO","description":"","potentialAction":[{"@type":"SearchAction","target":{"@type":"EntryPoint","urlTemplate":"https:\/\/invido.de\/fr\/?s={search_term_string}"},"query-input":{"@type":"PropertyValueSpecification","valueRequired":true,"valueName":"search_term_string"}}],"inLanguage":"fr-FR"}]}},"_links":{"self":[{"href":"https:\/\/invido.de\/fr\/wp-json\/wp\/v2\/pages\/2036","targetHints":{"allow":["GET"]}}],"collection":[{"href":"https:\/\/invido.de\/fr\/wp-json\/wp\/v2\/pages"}],"about":[{"href":"https:\/\/invido.de\/fr\/wp-json\/wp\/v2\/types\/page"}],"author":[{"embeddable":true,"href":"https:\/\/invido.de\/fr\/wp-json\/wp\/v2\/users\/1"}],"replies":[{"embeddable":true,"href":"https:\/\/invido.de\/fr\/wp-json\/wp\/v2\/comments?post=2036"}],"version-history":[{"count":2,"href":"https:\/\/invido.de\/fr\/wp-json\/wp\/v2\/pages\/2036\/revisions"}],"predecessor-version":[{"id":3495,"href":"https:\/\/invido.de\/fr\/wp-json\/wp\/v2\/pages\/2036\/revisions\/3495"}],"wp:featuredmedia":[{"embeddable":true,"href":"https:\/\/invido.de\/fr\/wp-json\/wp\/v2\/media\/1944"}],"wp:attachment":[{"href":"https:\/\/invido.de\/fr\/wp-json\/wp\/v2\/media?parent=2036"}],"curies":[{"name":"wp","href":"https:\/\/api.w.org\/{rel}","templated":true}]}}