{"id":2042,"date":"2019-02-25T13:41:34","date_gmt":"2019-02-25T12:41:34","guid":{"rendered":"https:\/\/invido.de\/willkommen-bei-invido\/"},"modified":"2022-01-20T11:16:42","modified_gmt":"2022-01-20T10:16:42","slug":"willkommen-bei-invido","status":"publish","type":"page","link":"https:\/\/invido.de\/fr\/","title":{"rendered":"Des pi\u00e8ces de r\u00eave"},"content":{"rendered":"<p>Un logement, c&rsquo;est bien plus que quatre murs et un toit sur la t\u00eate. Se loger, c&rsquo;est donner un sens et de l&rsquo;individualit\u00e9 \u00e0 une pi\u00e8ce.<\/p>\n<p>Avec InVIDO, votre r\u00eave de meubles sur mesure devient une r\u00e9alit\u00e9. Afin que m\u00eame les configurations spatiales les plus difficiles, comme les pans de toit, les niches ou les plans asym\u00e9triques, soient efficacement exploit\u00e9es. Avec InVIDO, ce sont les meubles qui s&rsquo;adaptent \u00e0 vous, et non vous qui vous adaptez aux meubles.<\/p>\n<p>&nbsp;<\/p>\n<p><a class=\"button\" href=\"https:\/\/invido.de\/fr\/a-propos\/\" title=\"\u00c0 propos d'InVIDO\">\u00c0 propos d'InVIDO<\/a><\/p>\n","protected":false},"excerpt":{"rendered":"<p>Un logement, c&rsquo;est bien plus que quatre murs et un toit sur la t\u00eate. Se loger, c&rsquo;est donner un sens et de l&rsquo;individualit\u00e9 \u00e0 une pi\u00e8ce. Avec InVIDO, votre r\u00eave de meubles sur mesure devient une r\u00e9alit\u00e9. Afin que m\u00eame les configurations spatiales les plus difficiles, comme les pans de toit, les niches ou les &hellip;<\/p>\n","protected":false},"author":1,"featured_media":4778,"parent":0,"menu_order":7,"comment_status":"closed","ping_status":"closed","template":"page-templates\/front-page.php","meta":{"footnotes":""},"class_list":["post-2042","page","type-page","status-publish","has-post-thumbnail"],"yoast_head":"<!-- This site is optimized with the Yoast SEO plugin v26.2 - https:\/\/yoast.com\/wordpress\/plugins\/seo\/ -->\n<title>Des pi\u00e8ces de r\u00eave - InVIDO<\/title>\n<meta name=\"robots\" content=\"index, follow, max-snippet:-1, max-image-preview:large, max-video-preview:-1\" \/>\n<link rel=\"canonical\" href=\"https:\/\/invido.de\/fr\/\" \/>\n<meta property=\"og:locale\" content=\"fr_FR\" \/>\n<meta property=\"og:type\" content=\"article\" \/>\n<meta property=\"og:title\" content=\"Des pi\u00e8ces de r\u00eave - InVIDO\" \/>\n<meta property=\"og:description\" content=\"Un logement, c&rsquo;est bien plus que quatre murs et un toit sur la t\u00eate. Se loger, c&rsquo;est donner un sens et de l&rsquo;individualit\u00e9 \u00e0 une pi\u00e8ce. Avec InVIDO, votre r\u00eave de meubles sur mesure devient une r\u00e9alit\u00e9. Afin que m\u00eame les configurations spatiales les plus difficiles, comme les pans de toit, les niches ou les &hellip;\" \/>\n<meta property=\"og:url\" content=\"https:\/\/invido.de\/fr\/\" \/>\n<meta property=\"og:site_name\" content=\"InVIDO\" \/>\n<meta property=\"article:modified_time\" content=\"2022-01-20T10:16:42+00:00\" \/>\n<meta property=\"og:image\" content=\"https:\/\/invido.de\/media\/2021\/09\/Wohnen78_13_web-scaled.jpg\" \/>\n\t<meta property=\"og:image:width\" content=\"2560\" \/>\n\t<meta property=\"og:image:height\" content=\"1652\" \/>\n\t<meta property=\"og:image:type\" content=\"image\/jpeg\" \/>\n<meta name=\"twitter:card\" content=\"summary_large_image\" \/>\n<script type=\"application\/ld+json\" class=\"yoast-schema-graph\">{\"@context\":\"https:\/\/schema.org\",\"@graph\":[{\"@type\":\"WebPage\",\"@id\":\"https:\/\/invido.de\/fr\/\",\"url\":\"https:\/\/invido.de\/fr\/\",\"name\":\"Des pi\u00e8ces de r\u00eave - InVIDO\",\"isPartOf\":{\"@id\":\"https:\/\/invido.de\/fr\/#website\"},\"primaryImageOfPage\":{\"@id\":\"https:\/\/invido.de\/fr\/#primaryimage\"},\"image\":{\"@id\":\"https:\/\/invido.de\/fr\/#primaryimage\"},\"thumbnailUrl\":\"https:\/\/invido.de\/media\/2021\/09\/Wohnen78_13_web-scaled.jpg\",\"datePublished\":\"2019-02-25T12:41:34+00:00\",\"dateModified\":\"2022-01-20T10:16:42+00:00\",\"breadcrumb\":{\"@id\":\"https:\/\/invido.de\/fr\/#breadcrumb\"},\"inLanguage\":\"fr-FR\",\"potentialAction\":[{\"@type\":\"ReadAction\",\"target\":[\"https:\/\/invido.de\/fr\/\"]}]},{\"@type\":\"ImageObject\",\"inLanguage\":\"fr-FR\",\"@id\":\"https:\/\/invido.de\/fr\/#primaryimage\",\"url\":\"https:\/\/invido.de\/media\/2021\/09\/Wohnen78_13_web-scaled.jpg\",\"contentUrl\":\"https:\/\/invido.de\/media\/2021\/09\/Wohnen78_13_web-scaled.jpg\",\"width\":2560,\"height\":1652,\"caption\":\"Hygge \u2013 Un habitat douillet\"},{\"@type\":\"BreadcrumbList\",\"@id\":\"https:\/\/invido.de\/fr\/#breadcrumb\",\"itemListElement\":[{\"@type\":\"ListItem\",\"position\":1,\"name\":\"Startseite\",\"item\":\"https:\/\/invido.de\/fr\/\"},{\"@type\":\"ListItem\",\"position\":2,\"name\":\"Des pi\u00e8ces de r\u00eave\"}]},{\"@type\":\"WebSite\",\"@id\":\"https:\/\/invido.de\/fr\/#website\",\"url\":\"https:\/\/invido.de\/fr\/\",\"name\":\"InVIDO\",\"description\":\"\",\"potentialAction\":[{\"@type\":\"SearchAction\",\"target\":{\"@type\":\"EntryPoint\",\"urlTemplate\":\"https:\/\/invido.de\/fr\/?s={search_term_string}\"},\"query-input\":{\"@type\":\"PropertyValueSpecification\",\"valueRequired\":true,\"valueName\":\"search_term_string\"}}],\"inLanguage\":\"fr-FR\"}]}<\/script>\n<!-- \/ Yoast SEO plugin. -->","yoast_head_json":{"title":"Des pi\u00e8ces de r\u00eave - InVIDO","robots":{"index":"index","follow":"follow","max-snippet":"max-snippet:-1","max-image-preview":"max-image-preview:large","max-video-preview":"max-video-preview:-1"},"canonical":"https:\/\/invido.de\/fr\/","og_locale":"fr_FR","og_type":"article","og_title":"Des pi\u00e8ces de r\u00eave - InVIDO","og_description":"Un logement, c&rsquo;est bien plus que quatre murs et un toit sur la t\u00eate. Se loger, c&rsquo;est donner un sens et de l&rsquo;individualit\u00e9 \u00e0 une pi\u00e8ce. Avec InVIDO, votre r\u00eave de meubles sur mesure devient une r\u00e9alit\u00e9. Afin que m\u00eame les configurations spatiales les plus difficiles, comme les pans de toit, les niches ou les &hellip;","og_url":"https:\/\/invido.de\/fr\/","og_site_name":"InVIDO","article_modified_time":"2022-01-20T10:16:42+00:00","og_image":[{"width":2560,"height":1652,"url":"https:\/\/invido.de\/media\/2021\/09\/Wohnen78_13_web-scaled.jpg","type":"image\/jpeg"}],"twitter_card":"summary_large_image","schema":{"@context":"https:\/\/schema.org","@graph":[{"@type":"WebPage","@id":"https:\/\/invido.de\/fr\/","url":"https:\/\/invido.de\/fr\/","name":"Des pi\u00e8ces de r\u00eave - InVIDO","isPartOf":{"@id":"https:\/\/invido.de\/fr\/#website"},"primaryImageOfPage":{"@id":"https:\/\/invido.de\/fr\/#primaryimage"},"image":{"@id":"https:\/\/invido.de\/fr\/#primaryimage"},"thumbnailUrl":"https:\/\/invido.de\/media\/2021\/09\/Wohnen78_13_web-scaled.jpg","datePublished":"2019-02-25T12:41:34+00:00","dateModified":"2022-01-20T10:16:42+00:00","breadcrumb":{"@id":"https:\/\/invido.de\/fr\/#breadcrumb"},"inLanguage":"fr-FR","potentialAction":[{"@type":"ReadAction","target":["https:\/\/invido.de\/fr\/"]}]},{"@type":"ImageObject","inLanguage":"fr-FR","@id":"https:\/\/invido.de\/fr\/#primaryimage","url":"https:\/\/invido.de\/media\/2021\/09\/Wohnen78_13_web-scaled.jpg","contentUrl":"https:\/\/invido.de\/media\/2021\/09\/Wohnen78_13_web-scaled.jpg","width":2560,"height":1652,"caption":"Hygge \u2013 Un habitat douillet"},{"@type":"BreadcrumbList","@id":"https:\/\/invido.de\/fr\/#breadcrumb","itemListElement":[{"@type":"ListItem","position":1,"name":"Startseite","item":"https:\/\/invido.de\/fr\/"},{"@type":"ListItem","position":2,"name":"Des pi\u00e8ces de r\u00eave"}]},{"@type":"WebSite","@id":"https:\/\/invido.de\/fr\/#website","url":"https:\/\/invido.de\/fr\/","name":"InVIDO","description":"","potentialAction":[{"@type":"SearchAction","target":{"@type":"EntryPoint","urlTemplate":"https:\/\/invido.de\/fr\/?s={search_term_string}"},"query-input":{"@type":"PropertyValueSpecification","valueRequired":true,"valueName":"search_term_string"}}],"inLanguage":"fr-FR"}]}},"_links":{"self":[{"href":"https:\/\/invido.de\/fr\/wp-json\/wp\/v2\/pages\/2042","targetHints":{"allow":["GET"]}}],"collection":[{"href":"https:\/\/invido.de\/fr\/wp-json\/wp\/v2\/pages"}],"about":[{"href":"https:\/\/invido.de\/fr\/wp-json\/wp\/v2\/types\/page"}],"author":[{"embeddable":true,"href":"https:\/\/invido.de\/fr\/wp-json\/wp\/v2\/users\/1"}],"replies":[{"embeddable":true,"href":"https:\/\/invido.de\/fr\/wp-json\/wp\/v2\/comments?post=2042"}],"version-history":[{"count":2,"href":"https:\/\/invido.de\/fr\/wp-json\/wp\/v2\/pages\/2042\/revisions"}],"predecessor-version":[{"id":3297,"href":"https:\/\/invido.de\/fr\/wp-json\/wp\/v2\/pages\/2042\/revisions\/3297"}],"wp:featuredmedia":[{"embeddable":true,"href":"https:\/\/invido.de\/fr\/wp-json\/wp\/v2\/media\/4778"}],"wp:attachment":[{"href":"https:\/\/invido.de\/fr\/wp-json\/wp\/v2\/media?parent=2042"}],"curies":[{"name":"wp","href":"https:\/\/api.w.org\/{rel}","templated":true}]}}