{"id":5012,"date":"2022-07-22T13:27:12","date_gmt":"2022-07-22T11:27:12","guid":{"rendered":"https:\/\/invido.de\/?page_id=5012"},"modified":"2022-08-11T09:52:37","modified_gmt":"2022-08-11T07:52:37","slug":"solitaire","status":"publish","type":"page","link":"https:\/\/invido.de\/fr\/meubles-sur-mesure\/solitaire\/","title":{"rendered":"Meubles solitaires"},"content":{"rendered":"<h3>Les meubles solitaires sont \u00e9l\u00e9gants et chics lorsqu&rsquo;ils sont plac\u00e9s seuls dans la pi\u00e8ce.<\/h3>\n<p>L&rsquo;offre individuelle comprend des meubles sur socles, pieds, roulettes ainsi que des meubles avec ferrure pour armoire suspendue. Un meuble solitaire se met lui-m\u00eame habilement en sc\u00e8ne.<\/p>\n<p>De nombreux jeux de couleurs et une infinit\u00e9 de possibilit\u00e9s pour des surfaces cr\u00e9atives en m\u00e9lange donnent la possibilit\u00e9 de concevoir individuellement des meubles individuels sur mesure. La large palette de mat\u00e9riaux diff\u00e9rents, tels que le placage en bois v\u00e9ritable, la laque et le verre, permet une multitude de possibilit\u00e9s. Des bandes lumineuses, des lampes en saillie ou des spots permettent en outre de cr\u00e9er des accents qui font de l&rsquo;effet. La grande libert\u00e9 de conception permet de r\u00e9pondre \u00e0 tous les souhaits.<\/p>\n","protected":false},"excerpt":{"rendered":"<p>Les meubles solitaires sont \u00e9l\u00e9gants et chics lorsqu&rsquo;ils sont plac\u00e9s seuls dans la pi\u00e8ce. L&rsquo;offre individuelle comprend des meubles sur socles, pieds, roulettes ainsi que des meubles avec ferrure pour armoire suspendue. Un meuble solitaire se met lui-m\u00eame habilement en sc\u00e8ne. De nombreux jeux de couleurs et une infinit\u00e9 de possibilit\u00e9s pour des surfaces cr\u00e9atives &hellip;<\/p>\n","protected":false},"author":1,"featured_media":0,"parent":2040,"menu_order":2,"comment_status":"closed","ping_status":"closed","template":"page-templates\/products.php","meta":{"footnotes":""},"class_list":["post-5012","page","type-page","status-publish"],"yoast_head":"<!-- This site is optimized with the Yoast SEO plugin v26.2 - https:\/\/yoast.com\/wordpress\/plugins\/seo\/ -->\n<title>Meubles solitaires - InVIDO<\/title>\n<meta name=\"robots\" content=\"index, follow, max-snippet:-1, max-image-preview:large, max-video-preview:-1\" \/>\n<link rel=\"canonical\" href=\"https:\/\/invido.de\/fr\/meubles-sur-mesure\/solitaire\/\" \/>\n<meta property=\"og:locale\" content=\"fr_FR\" \/>\n<meta property=\"og:type\" content=\"article\" \/>\n<meta property=\"og:title\" content=\"Meubles solitaires - InVIDO\" \/>\n<meta property=\"og:description\" content=\"Les meubles solitaires sont \u00e9l\u00e9gants et chics lorsqu&rsquo;ils sont plac\u00e9s seuls dans la pi\u00e8ce. L&rsquo;offre individuelle comprend des meubles sur socles, pieds, roulettes ainsi que des meubles avec ferrure pour armoire suspendue. Un meuble solitaire se met lui-m\u00eame habilement en sc\u00e8ne. De nombreux jeux de couleurs et une infinit\u00e9 de possibilit\u00e9s pour des surfaces cr\u00e9atives &hellip;\" \/>\n<meta property=\"og:url\" content=\"https:\/\/invido.de\/fr\/meubles-sur-mesure\/solitaire\/\" \/>\n<meta property=\"og:site_name\" content=\"InVIDO\" \/>\n<meta property=\"article:modified_time\" content=\"2022-08-11T07:52:37+00:00\" \/>\n<meta name=\"twitter:card\" content=\"summary_large_image\" \/>\n<meta name=\"twitter:label1\" content=\"Dur\u00e9e de lecture estim\u00e9e\" \/>\n\t<meta name=\"twitter:data1\" content=\"1 minute\" \/>\n<script type=\"application\/ld+json\" class=\"yoast-schema-graph\">{\"@context\":\"https:\/\/schema.org\",\"@graph\":[{\"@type\":\"WebPage\",\"@id\":\"https:\/\/invido.de\/fr\/meubles-sur-mesure\/solitaire\/\",\"url\":\"https:\/\/invido.de\/fr\/meubles-sur-mesure\/solitaire\/\",\"name\":\"Meubles solitaires - InVIDO\",\"isPartOf\":{\"@id\":\"https:\/\/invido.de\/fr\/#website\"},\"datePublished\":\"2022-07-22T11:27:12+00:00\",\"dateModified\":\"2022-08-11T07:52:37+00:00\",\"breadcrumb\":{\"@id\":\"https:\/\/invido.de\/fr\/meubles-sur-mesure\/solitaire\/#breadcrumb\"},\"inLanguage\":\"fr-FR\",\"potentialAction\":[{\"@type\":\"ReadAction\",\"target\":[\"https:\/\/invido.de\/fr\/meubles-sur-mesure\/solitaire\/\"]}]},{\"@type\":\"BreadcrumbList\",\"@id\":\"https:\/\/invido.de\/fr\/meubles-sur-mesure\/solitaire\/#breadcrumb\",\"itemListElement\":[{\"@type\":\"ListItem\",\"position\":1,\"name\":\"Startseite\",\"item\":\"https:\/\/invido.de\/fr\/\"},{\"@type\":\"ListItem\",\"position\":2,\"name\":\"Meubles sur mesure\",\"item\":\"https:\/\/invido.de\/fr\/meubles-sur-mesure\/\"},{\"@type\":\"ListItem\",\"position\":3,\"name\":\"Meubles solitaires\"}]},{\"@type\":\"WebSite\",\"@id\":\"https:\/\/invido.de\/fr\/#website\",\"url\":\"https:\/\/invido.de\/fr\/\",\"name\":\"InVIDO\",\"description\":\"\",\"potentialAction\":[{\"@type\":\"SearchAction\",\"target\":{\"@type\":\"EntryPoint\",\"urlTemplate\":\"https:\/\/invido.de\/fr\/?s={search_term_string}\"},\"query-input\":{\"@type\":\"PropertyValueSpecification\",\"valueRequired\":true,\"valueName\":\"search_term_string\"}}],\"inLanguage\":\"fr-FR\"}]}<\/script>\n<!-- \/ Yoast SEO plugin. -->","yoast_head_json":{"title":"Meubles solitaires - InVIDO","robots":{"index":"index","follow":"follow","max-snippet":"max-snippet:-1","max-image-preview":"max-image-preview:large","max-video-preview":"max-video-preview:-1"},"canonical":"https:\/\/invido.de\/fr\/meubles-sur-mesure\/solitaire\/","og_locale":"fr_FR","og_type":"article","og_title":"Meubles solitaires - InVIDO","og_description":"Les meubles solitaires sont \u00e9l\u00e9gants et chics lorsqu&rsquo;ils sont plac\u00e9s seuls dans la pi\u00e8ce. L&rsquo;offre individuelle comprend des meubles sur socles, pieds, roulettes ainsi que des meubles avec ferrure pour armoire suspendue. Un meuble solitaire se met lui-m\u00eame habilement en sc\u00e8ne. De nombreux jeux de couleurs et une infinit\u00e9 de possibilit\u00e9s pour des surfaces cr\u00e9atives &hellip;","og_url":"https:\/\/invido.de\/fr\/meubles-sur-mesure\/solitaire\/","og_site_name":"InVIDO","article_modified_time":"2022-08-11T07:52:37+00:00","twitter_card":"summary_large_image","twitter_misc":{"Dur\u00e9e de lecture estim\u00e9e":"1 minute"},"schema":{"@context":"https:\/\/schema.org","@graph":[{"@type":"WebPage","@id":"https:\/\/invido.de\/fr\/meubles-sur-mesure\/solitaire\/","url":"https:\/\/invido.de\/fr\/meubles-sur-mesure\/solitaire\/","name":"Meubles solitaires - InVIDO","isPartOf":{"@id":"https:\/\/invido.de\/fr\/#website"},"datePublished":"2022-07-22T11:27:12+00:00","dateModified":"2022-08-11T07:52:37+00:00","breadcrumb":{"@id":"https:\/\/invido.de\/fr\/meubles-sur-mesure\/solitaire\/#breadcrumb"},"inLanguage":"fr-FR","potentialAction":[{"@type":"ReadAction","target":["https:\/\/invido.de\/fr\/meubles-sur-mesure\/solitaire\/"]}]},{"@type":"BreadcrumbList","@id":"https:\/\/invido.de\/fr\/meubles-sur-mesure\/solitaire\/#breadcrumb","itemListElement":[{"@type":"ListItem","position":1,"name":"Startseite","item":"https:\/\/invido.de\/fr\/"},{"@type":"ListItem","position":2,"name":"Meubles sur mesure","item":"https:\/\/invido.de\/fr\/meubles-sur-mesure\/"},{"@type":"ListItem","position":3,"name":"Meubles solitaires"}]},{"@type":"WebSite","@id":"https:\/\/invido.de\/fr\/#website","url":"https:\/\/invido.de\/fr\/","name":"InVIDO","description":"","potentialAction":[{"@type":"SearchAction","target":{"@type":"EntryPoint","urlTemplate":"https:\/\/invido.de\/fr\/?s={search_term_string}"},"query-input":{"@type":"PropertyValueSpecification","valueRequired":true,"valueName":"search_term_string"}}],"inLanguage":"fr-FR"}]}},"_links":{"self":[{"href":"https:\/\/invido.de\/fr\/wp-json\/wp\/v2\/pages\/5012","targetHints":{"allow":["GET"]}}],"collection":[{"href":"https:\/\/invido.de\/fr\/wp-json\/wp\/v2\/pages"}],"about":[{"href":"https:\/\/invido.de\/fr\/wp-json\/wp\/v2\/types\/page"}],"author":[{"embeddable":true,"href":"https:\/\/invido.de\/fr\/wp-json\/wp\/v2\/users\/1"}],"replies":[{"embeddable":true,"href":"https:\/\/invido.de\/fr\/wp-json\/wp\/v2\/comments?post=5012"}],"version-history":[{"count":2,"href":"https:\/\/invido.de\/fr\/wp-json\/wp\/v2\/pages\/5012\/revisions"}],"predecessor-version":[{"id":6187,"href":"https:\/\/invido.de\/fr\/wp-json\/wp\/v2\/pages\/5012\/revisions\/6187"}],"up":[{"embeddable":true,"href":"https:\/\/invido.de\/fr\/wp-json\/wp\/v2\/pages\/2040"}],"wp:attachment":[{"href":"https:\/\/invido.de\/fr\/wp-json\/wp\/v2\/media?parent=5012"}],"curies":[{"name":"wp","href":"https:\/\/api.w.org\/{rel}","templated":true}]}}