{"id":5020,"date":"2022-07-22T13:30:19","date_gmt":"2022-07-22T11:30:19","guid":{"rendered":"https:\/\/invido.de\/?page_id=5020"},"modified":"2022-07-22T13:30:19","modified_gmt":"2022-07-22T11:30:19","slug":"portes-coulissantes","status":"publish","type":"page","link":"https:\/\/invido.de\/fr\/meubles-sur-mesure\/portes-coulissantes\/","title":{"rendered":"Portes coulissantes"},"content":{"rendered":"<h3>Aimer pousser, le slogan est ici parfaitement exact.<\/h3>\n<p>Les portes coulissantes sont les bienvenues dans toutes les situations spatiales : elles peuvent s\u00e9parer \u00e9l\u00e9gamment les pi\u00e8ces d&rsquo;habitation, habiller les espaces de rangement sans portes battantes encombrantes et peuvent \u00eatre planifi\u00e9es dans chaque niche. Les portes coulissantes sont \u00e9galement utilis\u00e9es devant les passages comme alternative \u00e9l\u00e9gante et peu encombrante.<\/p>\n<p>Avec un grand choix de surfaces diff\u00e9rentes, des cadres solides et des rails ergonomiques tr\u00e8s faciles \u00e0 man\u0153uvrer, la libert\u00e9 d&rsquo;am\u00e9nagement est sans limite. Des placages en bois v\u00e9ritable de haute qualit\u00e9, des surfaces d\u00e9coratives chics ou diff\u00e9rents verres combin\u00e9s \u00e0 des cadres styl\u00e9s font de chaque porte coulissante un \u00e9l\u00e9ment \u00e9l\u00e9gant de l&rsquo;am\u00e9nagement de la pi\u00e8ce.<\/p>\n","protected":false},"excerpt":{"rendered":"<p>Aimer pousser, le slogan est ici parfaitement exact. Les portes coulissantes sont les bienvenues dans toutes les situations spatiales : elles peuvent s\u00e9parer \u00e9l\u00e9gamment les pi\u00e8ces d&rsquo;habitation, habiller les espaces de rangement sans portes battantes encombrantes et peuvent \u00eatre planifi\u00e9es dans chaque niche. Les portes coulissantes sont \u00e9galement utilis\u00e9es devant les passages comme alternative \u00e9l\u00e9gante &hellip;<\/p>\n","protected":false},"author":1,"featured_media":0,"parent":2040,"menu_order":0,"comment_status":"closed","ping_status":"closed","template":"page-templates\/products.php","meta":{"footnotes":""},"class_list":["post-5020","page","type-page","status-publish"],"yoast_head":"<!-- This site is optimized with the Yoast SEO plugin v26.2 - https:\/\/yoast.com\/wordpress\/plugins\/seo\/ -->\n<title>Portes coulissantes - InVIDO<\/title>\n<meta name=\"robots\" content=\"index, follow, max-snippet:-1, max-image-preview:large, max-video-preview:-1\" \/>\n<link rel=\"canonical\" href=\"https:\/\/invido.de\/fr\/meubles-sur-mesure\/portes-coulissantes\/\" \/>\n<meta property=\"og:locale\" content=\"fr_FR\" \/>\n<meta property=\"og:type\" content=\"article\" \/>\n<meta property=\"og:title\" content=\"Portes coulissantes - InVIDO\" \/>\n<meta property=\"og:description\" content=\"Aimer pousser, le slogan est ici parfaitement exact. Les portes coulissantes sont les bienvenues dans toutes les situations spatiales : elles peuvent s\u00e9parer \u00e9l\u00e9gamment les pi\u00e8ces d&rsquo;habitation, habiller les espaces de rangement sans portes battantes encombrantes et peuvent \u00eatre planifi\u00e9es dans chaque niche. Les portes coulissantes sont \u00e9galement utilis\u00e9es devant les passages comme alternative \u00e9l\u00e9gante &hellip;\" \/>\n<meta property=\"og:url\" content=\"https:\/\/invido.de\/fr\/meubles-sur-mesure\/portes-coulissantes\/\" \/>\n<meta property=\"og:site_name\" content=\"InVIDO\" \/>\n<meta name=\"twitter:card\" content=\"summary_large_image\" \/>\n<meta name=\"twitter:label1\" content=\"Dur\u00e9e de lecture estim\u00e9e\" \/>\n\t<meta name=\"twitter:data1\" content=\"1 minute\" \/>\n<script type=\"application\/ld+json\" class=\"yoast-schema-graph\">{\"@context\":\"https:\/\/schema.org\",\"@graph\":[{\"@type\":\"WebPage\",\"@id\":\"https:\/\/invido.de\/fr\/meubles-sur-mesure\/portes-coulissantes\/\",\"url\":\"https:\/\/invido.de\/fr\/meubles-sur-mesure\/portes-coulissantes\/\",\"name\":\"Portes coulissantes - InVIDO\",\"isPartOf\":{\"@id\":\"https:\/\/invido.de\/fr\/#website\"},\"datePublished\":\"2022-07-22T11:30:19+00:00\",\"breadcrumb\":{\"@id\":\"https:\/\/invido.de\/fr\/meubles-sur-mesure\/portes-coulissantes\/#breadcrumb\"},\"inLanguage\":\"fr-FR\",\"potentialAction\":[{\"@type\":\"ReadAction\",\"target\":[\"https:\/\/invido.de\/fr\/meubles-sur-mesure\/portes-coulissantes\/\"]}]},{\"@type\":\"BreadcrumbList\",\"@id\":\"https:\/\/invido.de\/fr\/meubles-sur-mesure\/portes-coulissantes\/#breadcrumb\",\"itemListElement\":[{\"@type\":\"ListItem\",\"position\":1,\"name\":\"Startseite\",\"item\":\"https:\/\/invido.de\/fr\/\"},{\"@type\":\"ListItem\",\"position\":2,\"name\":\"Meubles sur mesure\",\"item\":\"https:\/\/invido.de\/fr\/meubles-sur-mesure\/\"},{\"@type\":\"ListItem\",\"position\":3,\"name\":\"Portes coulissantes\"}]},{\"@type\":\"WebSite\",\"@id\":\"https:\/\/invido.de\/fr\/#website\",\"url\":\"https:\/\/invido.de\/fr\/\",\"name\":\"InVIDO\",\"description\":\"\",\"potentialAction\":[{\"@type\":\"SearchAction\",\"target\":{\"@type\":\"EntryPoint\",\"urlTemplate\":\"https:\/\/invido.de\/fr\/?s={search_term_string}\"},\"query-input\":{\"@type\":\"PropertyValueSpecification\",\"valueRequired\":true,\"valueName\":\"search_term_string\"}}],\"inLanguage\":\"fr-FR\"}]}<\/script>\n<!-- \/ Yoast SEO plugin. -->","yoast_head_json":{"title":"Portes coulissantes - InVIDO","robots":{"index":"index","follow":"follow","max-snippet":"max-snippet:-1","max-image-preview":"max-image-preview:large","max-video-preview":"max-video-preview:-1"},"canonical":"https:\/\/invido.de\/fr\/meubles-sur-mesure\/portes-coulissantes\/","og_locale":"fr_FR","og_type":"article","og_title":"Portes coulissantes - InVIDO","og_description":"Aimer pousser, le slogan est ici parfaitement exact. Les portes coulissantes sont les bienvenues dans toutes les situations spatiales : elles peuvent s\u00e9parer \u00e9l\u00e9gamment les pi\u00e8ces d&rsquo;habitation, habiller les espaces de rangement sans portes battantes encombrantes et peuvent \u00eatre planifi\u00e9es dans chaque niche. Les portes coulissantes sont \u00e9galement utilis\u00e9es devant les passages comme alternative \u00e9l\u00e9gante &hellip;","og_url":"https:\/\/invido.de\/fr\/meubles-sur-mesure\/portes-coulissantes\/","og_site_name":"InVIDO","twitter_card":"summary_large_image","twitter_misc":{"Dur\u00e9e de lecture estim\u00e9e":"1 minute"},"schema":{"@context":"https:\/\/schema.org","@graph":[{"@type":"WebPage","@id":"https:\/\/invido.de\/fr\/meubles-sur-mesure\/portes-coulissantes\/","url":"https:\/\/invido.de\/fr\/meubles-sur-mesure\/portes-coulissantes\/","name":"Portes coulissantes - InVIDO","isPartOf":{"@id":"https:\/\/invido.de\/fr\/#website"},"datePublished":"2022-07-22T11:30:19+00:00","breadcrumb":{"@id":"https:\/\/invido.de\/fr\/meubles-sur-mesure\/portes-coulissantes\/#breadcrumb"},"inLanguage":"fr-FR","potentialAction":[{"@type":"ReadAction","target":["https:\/\/invido.de\/fr\/meubles-sur-mesure\/portes-coulissantes\/"]}]},{"@type":"BreadcrumbList","@id":"https:\/\/invido.de\/fr\/meubles-sur-mesure\/portes-coulissantes\/#breadcrumb","itemListElement":[{"@type":"ListItem","position":1,"name":"Startseite","item":"https:\/\/invido.de\/fr\/"},{"@type":"ListItem","position":2,"name":"Meubles sur mesure","item":"https:\/\/invido.de\/fr\/meubles-sur-mesure\/"},{"@type":"ListItem","position":3,"name":"Portes coulissantes"}]},{"@type":"WebSite","@id":"https:\/\/invido.de\/fr\/#website","url":"https:\/\/invido.de\/fr\/","name":"InVIDO","description":"","potentialAction":[{"@type":"SearchAction","target":{"@type":"EntryPoint","urlTemplate":"https:\/\/invido.de\/fr\/?s={search_term_string}"},"query-input":{"@type":"PropertyValueSpecification","valueRequired":true,"valueName":"search_term_string"}}],"inLanguage":"fr-FR"}]}},"_links":{"self":[{"href":"https:\/\/invido.de\/fr\/wp-json\/wp\/v2\/pages\/5020","targetHints":{"allow":["GET"]}}],"collection":[{"href":"https:\/\/invido.de\/fr\/wp-json\/wp\/v2\/pages"}],"about":[{"href":"https:\/\/invido.de\/fr\/wp-json\/wp\/v2\/types\/page"}],"author":[{"embeddable":true,"href":"https:\/\/invido.de\/fr\/wp-json\/wp\/v2\/users\/1"}],"replies":[{"embeddable":true,"href":"https:\/\/invido.de\/fr\/wp-json\/wp\/v2\/comments?post=5020"}],"version-history":[{"count":1,"href":"https:\/\/invido.de\/fr\/wp-json\/wp\/v2\/pages\/5020\/revisions"}],"predecessor-version":[{"id":5021,"href":"https:\/\/invido.de\/fr\/wp-json\/wp\/v2\/pages\/5020\/revisions\/5021"}],"up":[{"embeddable":true,"href":"https:\/\/invido.de\/fr\/wp-json\/wp\/v2\/pages\/2040"}],"wp:attachment":[{"href":"https:\/\/invido.de\/fr\/wp-json\/wp\/v2\/media?parent=5020"}],"curies":[{"name":"wp","href":"https:\/\/api.w.org\/{rel}","templated":true}]}}