{"id":6049,"date":"2022-07-22T13:45:41","date_gmt":"2022-07-22T11:45:41","guid":{"rendered":"https:\/\/invido.de\/meubles-sur-mesure\/meubles-encastres\/dachschraegen-drempelschraenke\/"},"modified":"2022-08-11T09:19:06","modified_gmt":"2022-08-11T07:19:06","slug":"meubles-sous-pente","status":"publish","type":"page","link":"https:\/\/invido.de\/fr\/meubles-sur-mesure\/meubles-encastres\/meubles-sous-pente\/","title":{"rendered":"Meubles sous pente"},"content":{"rendered":"<h3>Les appartements mansard\u00e9s poss\u00e8dent leur propre charme gr\u00e2ce aux pentes.<\/h3>\n<p>Ces pentes offrent une ambiance confortable. L&rsquo;utilisation optimale des murs inclin\u00e9s est un d\u00e9fi et une chance pour la cr\u00e9ativit\u00e9.<\/p>\n<p>La solution r\u00e9side dans les armoires de toit inclin\u00e9es, c&rsquo;est-\u00e0-dire des armoires encastr\u00e9es dans l&rsquo;angle exact de la pente du toit. L&rsquo;espace est ainsi optimis\u00e9 et offre de la place pour les v\u00eatements, les ustensiles de loisirs, les objets rarement utilis\u00e9s mais n\u00e9anmoins appr\u00e9ci\u00e9s.<\/p>\n<p>Derri\u00e8re les portes coulissantes, l&rsquo;espace de rangement est facile \u00e0 classer et \u00e0 organiser.<\/p>\n<h3>La hauteur sous plafond de votre pi\u00e8ce est trop petite pour une armoire&nbsp;?<\/h3>\n<p>Dans ce cas, une armoire de pavillon sur mesure est une bonne solution pour cr\u00e9er un espace de rangement agr\u00e9able \u00e0 l&rsquo;\u0153il. Les armoires de grenier s&rsquo;adaptent au millim\u00e8tre pr\u00e8s \u00e0 la hauteur des genoux et sont coup\u00e9es vers l&rsquo;arri\u00e8re et vers le haut en forme de pente de toit. En fonction de la hauteur des genoux, de la hauteur et de la profondeur de l&rsquo;armoire, on obtient la surface d&rsquo;appui sup\u00e9rieure. Sur la fa\u00e7ade, des portes pivotantes ou coulissantes permettent un bon acc\u00e8s.<\/p>\n<p>Des tiroirs et des \u00e9tag\u00e8res permettent de maintenir l&rsquo;ordre \u00e0 l&rsquo;int\u00e9rieur. Le grand choix de surfaces et de poign\u00e9es permet d&rsquo;adapter l&rsquo;aspect de votre armoire pivotante \u00e0 votre espace de vie sous les toits. Les syst\u00e8mes d&rsquo;ouverture de porte Push-To-Open permettent d&rsquo;obtenir une fa\u00e7ade peu visible.<\/p>\n","protected":false},"excerpt":{"rendered":"<p>Les appartements mansard\u00e9s poss\u00e8dent leur propre charme gr\u00e2ce aux pentes. Ces pentes offrent une ambiance confortable. L&rsquo;utilisation optimale des murs inclin\u00e9s est un d\u00e9fi et une chance pour la cr\u00e9ativit\u00e9. La solution r\u00e9side dans les armoires de toit inclin\u00e9es, c&rsquo;est-\u00e0-dire des armoires encastr\u00e9es dans l&rsquo;angle exact de la pente du toit. L&rsquo;espace est ainsi optimis\u00e9 &hellip;<\/p>\n","protected":false},"author":1,"featured_media":6200,"parent":1978,"menu_order":1,"comment_status":"closed","ping_status":"closed","template":"","meta":{"footnotes":""},"class_list":["post-6049","page","type-page","status-publish","has-post-thumbnail"],"yoast_head":"<!-- This site is optimized with the Yoast SEO plugin v26.2 - https:\/\/yoast.com\/wordpress\/plugins\/seo\/ -->\n<title>Meubles sous pente - InVIDO<\/title>\n<meta name=\"robots\" content=\"index, follow, max-snippet:-1, max-image-preview:large, max-video-preview:-1\" \/>\n<link rel=\"canonical\" href=\"https:\/\/invido.de\/fr\/meubles-sur-mesure\/meubles-encastres\/meubles-sous-pente\/\" \/>\n<meta property=\"og:locale\" content=\"fr_FR\" \/>\n<meta property=\"og:type\" content=\"article\" \/>\n<meta property=\"og:title\" content=\"Meubles sous pente - InVIDO\" \/>\n<meta property=\"og:description\" content=\"Les appartements mansard\u00e9s poss\u00e8dent leur propre charme gr\u00e2ce aux pentes. Ces pentes offrent une ambiance confortable. L&rsquo;utilisation optimale des murs inclin\u00e9s est un d\u00e9fi et une chance pour la cr\u00e9ativit\u00e9. La solution r\u00e9side dans les armoires de toit inclin\u00e9es, c&rsquo;est-\u00e0-dire des armoires encastr\u00e9es dans l&rsquo;angle exact de la pente du toit. L&rsquo;espace est ainsi optimis\u00e9 &hellip;\" \/>\n<meta property=\"og:url\" content=\"https:\/\/invido.de\/fr\/meubles-sur-mesure\/meubles-encastres\/meubles-sous-pente\/\" \/>\n<meta property=\"og:site_name\" content=\"InVIDO\" \/>\n<meta property=\"article:modified_time\" content=\"2022-08-11T07:19:06+00:00\" \/>\n<meta property=\"og:image\" content=\"https:\/\/invido.de\/media\/2022\/08\/dachschraegenschraenke-drempelschraenke-invido-scaled.jpg\" \/>\n\t<meta property=\"og:image:width\" content=\"2560\" \/>\n\t<meta property=\"og:image:height\" content=\"1024\" \/>\n\t<meta property=\"og:image:type\" content=\"image\/jpeg\" \/>\n<meta name=\"twitter:card\" content=\"summary_large_image\" \/>\n<meta name=\"twitter:label1\" content=\"Dur\u00e9e de lecture estim\u00e9e\" \/>\n\t<meta name=\"twitter:data1\" content=\"1 minute\" \/>\n<script type=\"application\/ld+json\" class=\"yoast-schema-graph\">{\"@context\":\"https:\/\/schema.org\",\"@graph\":[{\"@type\":\"WebPage\",\"@id\":\"https:\/\/invido.de\/fr\/meubles-sur-mesure\/meubles-encastres\/meubles-sous-pente\/\",\"url\":\"https:\/\/invido.de\/fr\/meubles-sur-mesure\/meubles-encastres\/meubles-sous-pente\/\",\"name\":\"Meubles sous pente - InVIDO\",\"isPartOf\":{\"@id\":\"https:\/\/invido.de\/fr\/#website\"},\"primaryImageOfPage\":{\"@id\":\"https:\/\/invido.de\/fr\/meubles-sur-mesure\/meubles-encastres\/meubles-sous-pente\/#primaryimage\"},\"image\":{\"@id\":\"https:\/\/invido.de\/fr\/meubles-sur-mesure\/meubles-encastres\/meubles-sous-pente\/#primaryimage\"},\"thumbnailUrl\":\"https:\/\/invido.de\/media\/2022\/08\/dachschraegenschraenke-drempelschraenke-invido-scaled.jpg\",\"datePublished\":\"2022-07-22T11:45:41+00:00\",\"dateModified\":\"2022-08-11T07:19:06+00:00\",\"breadcrumb\":{\"@id\":\"https:\/\/invido.de\/fr\/meubles-sur-mesure\/meubles-encastres\/meubles-sous-pente\/#breadcrumb\"},\"inLanguage\":\"fr-FR\",\"potentialAction\":[{\"@type\":\"ReadAction\",\"target\":[\"https:\/\/invido.de\/fr\/meubles-sur-mesure\/meubles-encastres\/meubles-sous-pente\/\"]}]},{\"@type\":\"ImageObject\",\"inLanguage\":\"fr-FR\",\"@id\":\"https:\/\/invido.de\/fr\/meubles-sur-mesure\/meubles-encastres\/meubles-sous-pente\/#primaryimage\",\"url\":\"https:\/\/invido.de\/media\/2022\/08\/dachschraegenschraenke-drempelschraenke-invido-scaled.jpg\",\"contentUrl\":\"https:\/\/invido.de\/media\/2022\/08\/dachschraegenschraenke-drempelschraenke-invido-scaled.jpg\",\"width\":2560,\"height\":1024},{\"@type\":\"BreadcrumbList\",\"@id\":\"https:\/\/invido.de\/fr\/meubles-sur-mesure\/meubles-encastres\/meubles-sous-pente\/#breadcrumb\",\"itemListElement\":[{\"@type\":\"ListItem\",\"position\":1,\"name\":\"Startseite\",\"item\":\"https:\/\/invido.de\/fr\/\"},{\"@type\":\"ListItem\",\"position\":2,\"name\":\"Meubles sur mesure\",\"item\":\"https:\/\/invido.de\/fr\/meubles-sur-mesure\/\"},{\"@type\":\"ListItem\",\"position\":3,\"name\":\"Agencements\",\"item\":\"https:\/\/invido.de\/fr\/meubles-sur-mesure\/meubles-encastres\/\"},{\"@type\":\"ListItem\",\"position\":4,\"name\":\"Meubles sous pente\"}]},{\"@type\":\"WebSite\",\"@id\":\"https:\/\/invido.de\/fr\/#website\",\"url\":\"https:\/\/invido.de\/fr\/\",\"name\":\"InVIDO\",\"description\":\"\",\"potentialAction\":[{\"@type\":\"SearchAction\",\"target\":{\"@type\":\"EntryPoint\",\"urlTemplate\":\"https:\/\/invido.de\/fr\/?s={search_term_string}\"},\"query-input\":{\"@type\":\"PropertyValueSpecification\",\"valueRequired\":true,\"valueName\":\"search_term_string\"}}],\"inLanguage\":\"fr-FR\"}]}<\/script>\n<!-- \/ Yoast SEO plugin. -->","yoast_head_json":{"title":"Meubles sous pente - InVIDO","robots":{"index":"index","follow":"follow","max-snippet":"max-snippet:-1","max-image-preview":"max-image-preview:large","max-video-preview":"max-video-preview:-1"},"canonical":"https:\/\/invido.de\/fr\/meubles-sur-mesure\/meubles-encastres\/meubles-sous-pente\/","og_locale":"fr_FR","og_type":"article","og_title":"Meubles sous pente - InVIDO","og_description":"Les appartements mansard\u00e9s poss\u00e8dent leur propre charme gr\u00e2ce aux pentes. Ces pentes offrent une ambiance confortable. L&rsquo;utilisation optimale des murs inclin\u00e9s est un d\u00e9fi et une chance pour la cr\u00e9ativit\u00e9. La solution r\u00e9side dans les armoires de toit inclin\u00e9es, c&rsquo;est-\u00e0-dire des armoires encastr\u00e9es dans l&rsquo;angle exact de la pente du toit. L&rsquo;espace est ainsi optimis\u00e9 &hellip;","og_url":"https:\/\/invido.de\/fr\/meubles-sur-mesure\/meubles-encastres\/meubles-sous-pente\/","og_site_name":"InVIDO","article_modified_time":"2022-08-11T07:19:06+00:00","og_image":[{"width":2560,"height":1024,"url":"https:\/\/invido.de\/media\/2022\/08\/dachschraegenschraenke-drempelschraenke-invido-scaled.jpg","type":"image\/jpeg"}],"twitter_card":"summary_large_image","twitter_misc":{"Dur\u00e9e de lecture estim\u00e9e":"1 minute"},"schema":{"@context":"https:\/\/schema.org","@graph":[{"@type":"WebPage","@id":"https:\/\/invido.de\/fr\/meubles-sur-mesure\/meubles-encastres\/meubles-sous-pente\/","url":"https:\/\/invido.de\/fr\/meubles-sur-mesure\/meubles-encastres\/meubles-sous-pente\/","name":"Meubles sous pente - InVIDO","isPartOf":{"@id":"https:\/\/invido.de\/fr\/#website"},"primaryImageOfPage":{"@id":"https:\/\/invido.de\/fr\/meubles-sur-mesure\/meubles-encastres\/meubles-sous-pente\/#primaryimage"},"image":{"@id":"https:\/\/invido.de\/fr\/meubles-sur-mesure\/meubles-encastres\/meubles-sous-pente\/#primaryimage"},"thumbnailUrl":"https:\/\/invido.de\/media\/2022\/08\/dachschraegenschraenke-drempelschraenke-invido-scaled.jpg","datePublished":"2022-07-22T11:45:41+00:00","dateModified":"2022-08-11T07:19:06+00:00","breadcrumb":{"@id":"https:\/\/invido.de\/fr\/meubles-sur-mesure\/meubles-encastres\/meubles-sous-pente\/#breadcrumb"},"inLanguage":"fr-FR","potentialAction":[{"@type":"ReadAction","target":["https:\/\/invido.de\/fr\/meubles-sur-mesure\/meubles-encastres\/meubles-sous-pente\/"]}]},{"@type":"ImageObject","inLanguage":"fr-FR","@id":"https:\/\/invido.de\/fr\/meubles-sur-mesure\/meubles-encastres\/meubles-sous-pente\/#primaryimage","url":"https:\/\/invido.de\/media\/2022\/08\/dachschraegenschraenke-drempelschraenke-invido-scaled.jpg","contentUrl":"https:\/\/invido.de\/media\/2022\/08\/dachschraegenschraenke-drempelschraenke-invido-scaled.jpg","width":2560,"height":1024},{"@type":"BreadcrumbList","@id":"https:\/\/invido.de\/fr\/meubles-sur-mesure\/meubles-encastres\/meubles-sous-pente\/#breadcrumb","itemListElement":[{"@type":"ListItem","position":1,"name":"Startseite","item":"https:\/\/invido.de\/fr\/"},{"@type":"ListItem","position":2,"name":"Meubles sur mesure","item":"https:\/\/invido.de\/fr\/meubles-sur-mesure\/"},{"@type":"ListItem","position":3,"name":"Agencements","item":"https:\/\/invido.de\/fr\/meubles-sur-mesure\/meubles-encastres\/"},{"@type":"ListItem","position":4,"name":"Meubles sous pente"}]},{"@type":"WebSite","@id":"https:\/\/invido.de\/fr\/#website","url":"https:\/\/invido.de\/fr\/","name":"InVIDO","description":"","potentialAction":[{"@type":"SearchAction","target":{"@type":"EntryPoint","urlTemplate":"https:\/\/invido.de\/fr\/?s={search_term_string}"},"query-input":{"@type":"PropertyValueSpecification","valueRequired":true,"valueName":"search_term_string"}}],"inLanguage":"fr-FR"}]}},"_links":{"self":[{"href":"https:\/\/invido.de\/fr\/wp-json\/wp\/v2\/pages\/6049","targetHints":{"allow":["GET"]}}],"collection":[{"href":"https:\/\/invido.de\/fr\/wp-json\/wp\/v2\/pages"}],"about":[{"href":"https:\/\/invido.de\/fr\/wp-json\/wp\/v2\/types\/page"}],"author":[{"embeddable":true,"href":"https:\/\/invido.de\/fr\/wp-json\/wp\/v2\/users\/1"}],"replies":[{"embeddable":true,"href":"https:\/\/invido.de\/fr\/wp-json\/wp\/v2\/comments?post=6049"}],"version-history":[{"count":3,"href":"https:\/\/invido.de\/fr\/wp-json\/wp\/v2\/pages\/6049\/revisions"}],"predecessor-version":[{"id":6056,"href":"https:\/\/invido.de\/fr\/wp-json\/wp\/v2\/pages\/6049\/revisions\/6056"}],"up":[{"embeddable":true,"href":"https:\/\/invido.de\/fr\/wp-json\/wp\/v2\/pages\/1978"}],"wp:featuredmedia":[{"embeddable":true,"href":"https:\/\/invido.de\/fr\/wp-json\/wp\/v2\/media\/6200"}],"wp:attachment":[{"href":"https:\/\/invido.de\/fr\/wp-json\/wp\/v2\/media?parent=6049"}],"curies":[{"name":"wp","href":"https:\/\/api.w.org\/{rel}","templated":true}]}}