{"id":6059,"date":"2022-07-22T13:57:05","date_gmt":"2022-07-22T11:57:05","guid":{"rendered":"https:\/\/invido.de\/meubles-sur-mesure\/meubles-encastres\/bibliotheken-buecherregale\/"},"modified":"2022-08-25T13:37:41","modified_gmt":"2022-08-25T11:37:41","slug":"bibliotheques","status":"publish","type":"page","link":"https:\/\/invido.de\/fr\/meubles-sur-mesure\/meubles-encastres\/bibliotheques\/","title":{"rendered":"Biblioth\u00e8ques"},"content":{"rendered":"<h3>Les bo\u00eetes \u00e0 tr\u00e9sors pour vos livres offrent une vue d&rsquo;ensemble et un acc\u00e8s rapide \u00e0 vos lectures pr\u00e9f\u00e9r\u00e9es.<\/h3>\n<p>Cr\u00e9ez avec le large choix de surfaces, de designs et de couleurs diff\u00e9rents. Les r\u00e9partitions individuelles des \u00e9tag\u00e8res donnent une structure et un style personnel. Les tiroirs et portes int\u00e9grables assurent l&rsquo;ordre. Avec des bandes lumineuses, des luminaires en saillie ou encastr\u00e9s, vous cr\u00e9ez des points forts individuels, vous mettez l&rsquo;accent sur la particularit\u00e9 avec des spots et vous assurez surtout une lumi\u00e8re de lecture suffisante pour profiter de votre tr\u00e9sor litt\u00e9raire.<\/p>\n<p>Pour les \u00e9tag\u00e8res hautes, les \u00e9chelles d&rsquo;appui InVIDO facilitent l&rsquo;acc\u00e8s.<\/p>\n","protected":false},"excerpt":{"rendered":"<p>Les bo\u00eetes \u00e0 tr\u00e9sors pour vos livres offrent une vue d&rsquo;ensemble et un acc\u00e8s rapide \u00e0 vos lectures pr\u00e9f\u00e9r\u00e9es. Cr\u00e9ez avec le large choix de surfaces, de designs et de couleurs diff\u00e9rents. Les r\u00e9partitions individuelles des \u00e9tag\u00e8res donnent une structure et un style personnel. Les tiroirs et portes int\u00e9grables assurent l&rsquo;ordre. Avec des bandes lumineuses, &hellip;<\/p>\n","protected":false},"author":1,"featured_media":5107,"parent":1978,"menu_order":2,"comment_status":"closed","ping_status":"closed","template":"","meta":{"footnotes":""},"class_list":["post-6059","page","type-page","status-publish","has-post-thumbnail"],"yoast_head":"<!-- This site is optimized with the Yoast SEO plugin v26.2 - https:\/\/yoast.com\/wordpress\/plugins\/seo\/ -->\n<title>Biblioth\u00e8ques - InVIDO<\/title>\n<meta name=\"robots\" content=\"index, follow, max-snippet:-1, max-image-preview:large, max-video-preview:-1\" \/>\n<link rel=\"canonical\" href=\"https:\/\/invido.de\/fr\/meubles-sur-mesure\/meubles-encastres\/bibliotheques\/\" \/>\n<meta property=\"og:locale\" content=\"fr_FR\" \/>\n<meta property=\"og:type\" content=\"article\" \/>\n<meta property=\"og:title\" content=\"Biblioth\u00e8ques - InVIDO\" \/>\n<meta property=\"og:description\" content=\"Les bo\u00eetes \u00e0 tr\u00e9sors pour vos livres offrent une vue d&rsquo;ensemble et un acc\u00e8s rapide \u00e0 vos lectures pr\u00e9f\u00e9r\u00e9es. Cr\u00e9ez avec le large choix de surfaces, de designs et de couleurs diff\u00e9rents. Les r\u00e9partitions individuelles des \u00e9tag\u00e8res donnent une structure et un style personnel. Les tiroirs et portes int\u00e9grables assurent l&rsquo;ordre. Avec des bandes lumineuses, &hellip;\" \/>\n<meta property=\"og:url\" content=\"https:\/\/invido.de\/fr\/meubles-sur-mesure\/meubles-encastres\/bibliotheques\/\" \/>\n<meta property=\"og:site_name\" content=\"InVIDO\" \/>\n<meta property=\"article:modified_time\" content=\"2022-08-25T11:37:41+00:00\" \/>\n<meta property=\"og:image\" content=\"https:\/\/invido.de\/media\/2022\/07\/2-raumhohe_bibliothek_wand-schubkaesten-invido.jpg\" \/>\n\t<meta property=\"og:image:width\" content=\"2000\" \/>\n\t<meta property=\"og:image:height\" content=\"1481\" \/>\n\t<meta property=\"og:image:type\" content=\"image\/jpeg\" \/>\n<meta name=\"twitter:card\" content=\"summary_large_image\" \/>\n<meta name=\"twitter:label1\" content=\"Dur\u00e9e de lecture estim\u00e9e\" \/>\n\t<meta name=\"twitter:data1\" content=\"1 minute\" \/>\n<script type=\"application\/ld+json\" class=\"yoast-schema-graph\">{\"@context\":\"https:\/\/schema.org\",\"@graph\":[{\"@type\":\"WebPage\",\"@id\":\"https:\/\/invido.de\/fr\/meubles-sur-mesure\/meubles-encastres\/bibliotheques\/\",\"url\":\"https:\/\/invido.de\/fr\/meubles-sur-mesure\/meubles-encastres\/bibliotheques\/\",\"name\":\"Biblioth\u00e8ques - InVIDO\",\"isPartOf\":{\"@id\":\"https:\/\/invido.de\/fr\/#website\"},\"primaryImageOfPage\":{\"@id\":\"https:\/\/invido.de\/fr\/meubles-sur-mesure\/meubles-encastres\/bibliotheques\/#primaryimage\"},\"image\":{\"@id\":\"https:\/\/invido.de\/fr\/meubles-sur-mesure\/meubles-encastres\/bibliotheques\/#primaryimage\"},\"thumbnailUrl\":\"https:\/\/invido.de\/media\/2022\/07\/2-raumhohe_bibliothek_wand-schubkaesten-invido.jpg\",\"datePublished\":\"2022-07-22T11:57:05+00:00\",\"dateModified\":\"2022-08-25T11:37:41+00:00\",\"breadcrumb\":{\"@id\":\"https:\/\/invido.de\/fr\/meubles-sur-mesure\/meubles-encastres\/bibliotheques\/#breadcrumb\"},\"inLanguage\":\"fr-FR\",\"potentialAction\":[{\"@type\":\"ReadAction\",\"target\":[\"https:\/\/invido.de\/fr\/meubles-sur-mesure\/meubles-encastres\/bibliotheques\/\"]}]},{\"@type\":\"ImageObject\",\"inLanguage\":\"fr-FR\",\"@id\":\"https:\/\/invido.de\/fr\/meubles-sur-mesure\/meubles-encastres\/bibliotheques\/#primaryimage\",\"url\":\"https:\/\/invido.de\/media\/2022\/07\/2-raumhohe_bibliothek_wand-schubkaesten-invido.jpg\",\"contentUrl\":\"https:\/\/invido.de\/media\/2022\/07\/2-raumhohe_bibliothek_wand-schubkaesten-invido.jpg\",\"width\":2000,\"height\":1481},{\"@type\":\"BreadcrumbList\",\"@id\":\"https:\/\/invido.de\/fr\/meubles-sur-mesure\/meubles-encastres\/bibliotheques\/#breadcrumb\",\"itemListElement\":[{\"@type\":\"ListItem\",\"position\":1,\"name\":\"Startseite\",\"item\":\"https:\/\/invido.de\/fr\/\"},{\"@type\":\"ListItem\",\"position\":2,\"name\":\"Meubles sur mesure\",\"item\":\"https:\/\/invido.de\/fr\/meubles-sur-mesure\/\"},{\"@type\":\"ListItem\",\"position\":3,\"name\":\"Agencements\",\"item\":\"https:\/\/invido.de\/fr\/meubles-sur-mesure\/meubles-encastres\/\"},{\"@type\":\"ListItem\",\"position\":4,\"name\":\"Biblioth\u00e8ques\"}]},{\"@type\":\"WebSite\",\"@id\":\"https:\/\/invido.de\/fr\/#website\",\"url\":\"https:\/\/invido.de\/fr\/\",\"name\":\"InVIDO\",\"description\":\"\",\"potentialAction\":[{\"@type\":\"SearchAction\",\"target\":{\"@type\":\"EntryPoint\",\"urlTemplate\":\"https:\/\/invido.de\/fr\/?s={search_term_string}\"},\"query-input\":{\"@type\":\"PropertyValueSpecification\",\"valueRequired\":true,\"valueName\":\"search_term_string\"}}],\"inLanguage\":\"fr-FR\"}]}<\/script>\n<!-- \/ Yoast SEO plugin. -->","yoast_head_json":{"title":"Biblioth\u00e8ques - InVIDO","robots":{"index":"index","follow":"follow","max-snippet":"max-snippet:-1","max-image-preview":"max-image-preview:large","max-video-preview":"max-video-preview:-1"},"canonical":"https:\/\/invido.de\/fr\/meubles-sur-mesure\/meubles-encastres\/bibliotheques\/","og_locale":"fr_FR","og_type":"article","og_title":"Biblioth\u00e8ques - InVIDO","og_description":"Les bo\u00eetes \u00e0 tr\u00e9sors pour vos livres offrent une vue d&rsquo;ensemble et un acc\u00e8s rapide \u00e0 vos lectures pr\u00e9f\u00e9r\u00e9es. Cr\u00e9ez avec le large choix de surfaces, de designs et de couleurs diff\u00e9rents. Les r\u00e9partitions individuelles des \u00e9tag\u00e8res donnent une structure et un style personnel. Les tiroirs et portes int\u00e9grables assurent l&rsquo;ordre. Avec des bandes lumineuses, &hellip;","og_url":"https:\/\/invido.de\/fr\/meubles-sur-mesure\/meubles-encastres\/bibliotheques\/","og_site_name":"InVIDO","article_modified_time":"2022-08-25T11:37:41+00:00","og_image":[{"width":2000,"height":1481,"url":"https:\/\/invido.de\/media\/2022\/07\/2-raumhohe_bibliothek_wand-schubkaesten-invido.jpg","type":"image\/jpeg"}],"twitter_card":"summary_large_image","twitter_misc":{"Dur\u00e9e de lecture estim\u00e9e":"1 minute"},"schema":{"@context":"https:\/\/schema.org","@graph":[{"@type":"WebPage","@id":"https:\/\/invido.de\/fr\/meubles-sur-mesure\/meubles-encastres\/bibliotheques\/","url":"https:\/\/invido.de\/fr\/meubles-sur-mesure\/meubles-encastres\/bibliotheques\/","name":"Biblioth\u00e8ques - InVIDO","isPartOf":{"@id":"https:\/\/invido.de\/fr\/#website"},"primaryImageOfPage":{"@id":"https:\/\/invido.de\/fr\/meubles-sur-mesure\/meubles-encastres\/bibliotheques\/#primaryimage"},"image":{"@id":"https:\/\/invido.de\/fr\/meubles-sur-mesure\/meubles-encastres\/bibliotheques\/#primaryimage"},"thumbnailUrl":"https:\/\/invido.de\/media\/2022\/07\/2-raumhohe_bibliothek_wand-schubkaesten-invido.jpg","datePublished":"2022-07-22T11:57:05+00:00","dateModified":"2022-08-25T11:37:41+00:00","breadcrumb":{"@id":"https:\/\/invido.de\/fr\/meubles-sur-mesure\/meubles-encastres\/bibliotheques\/#breadcrumb"},"inLanguage":"fr-FR","potentialAction":[{"@type":"ReadAction","target":["https:\/\/invido.de\/fr\/meubles-sur-mesure\/meubles-encastres\/bibliotheques\/"]}]},{"@type":"ImageObject","inLanguage":"fr-FR","@id":"https:\/\/invido.de\/fr\/meubles-sur-mesure\/meubles-encastres\/bibliotheques\/#primaryimage","url":"https:\/\/invido.de\/media\/2022\/07\/2-raumhohe_bibliothek_wand-schubkaesten-invido.jpg","contentUrl":"https:\/\/invido.de\/media\/2022\/07\/2-raumhohe_bibliothek_wand-schubkaesten-invido.jpg","width":2000,"height":1481},{"@type":"BreadcrumbList","@id":"https:\/\/invido.de\/fr\/meubles-sur-mesure\/meubles-encastres\/bibliotheques\/#breadcrumb","itemListElement":[{"@type":"ListItem","position":1,"name":"Startseite","item":"https:\/\/invido.de\/fr\/"},{"@type":"ListItem","position":2,"name":"Meubles sur mesure","item":"https:\/\/invido.de\/fr\/meubles-sur-mesure\/"},{"@type":"ListItem","position":3,"name":"Agencements","item":"https:\/\/invido.de\/fr\/meubles-sur-mesure\/meubles-encastres\/"},{"@type":"ListItem","position":4,"name":"Biblioth\u00e8ques"}]},{"@type":"WebSite","@id":"https:\/\/invido.de\/fr\/#website","url":"https:\/\/invido.de\/fr\/","name":"InVIDO","description":"","potentialAction":[{"@type":"SearchAction","target":{"@type":"EntryPoint","urlTemplate":"https:\/\/invido.de\/fr\/?s={search_term_string}"},"query-input":{"@type":"PropertyValueSpecification","valueRequired":true,"valueName":"search_term_string"}}],"inLanguage":"fr-FR"}]}},"_links":{"self":[{"href":"https:\/\/invido.de\/fr\/wp-json\/wp\/v2\/pages\/6059","targetHints":{"allow":["GET"]}}],"collection":[{"href":"https:\/\/invido.de\/fr\/wp-json\/wp\/v2\/pages"}],"about":[{"href":"https:\/\/invido.de\/fr\/wp-json\/wp\/v2\/types\/page"}],"author":[{"embeddable":true,"href":"https:\/\/invido.de\/fr\/wp-json\/wp\/v2\/users\/1"}],"replies":[{"embeddable":true,"href":"https:\/\/invido.de\/fr\/wp-json\/wp\/v2\/comments?post=6059"}],"version-history":[{"count":1,"href":"https:\/\/invido.de\/fr\/wp-json\/wp\/v2\/pages\/6059\/revisions"}],"predecessor-version":[{"id":6064,"href":"https:\/\/invido.de\/fr\/wp-json\/wp\/v2\/pages\/6059\/revisions\/6064"}],"up":[{"embeddable":true,"href":"https:\/\/invido.de\/fr\/wp-json\/wp\/v2\/pages\/1978"}],"wp:featuredmedia":[{"embeddable":true,"href":"https:\/\/invido.de\/fr\/wp-json\/wp\/v2\/media\/5107"}],"wp:attachment":[{"href":"https:\/\/invido.de\/fr\/wp-json\/wp\/v2\/media?parent=6059"}],"curies":[{"name":"wp","href":"https:\/\/api.w.org\/{rel}","templated":true}]}}