{"id":6067,"date":"2022-07-22T14:00:53","date_gmt":"2022-07-22T12:00:53","guid":{"rendered":"https:\/\/invido.de\/meubles-sur-mesure\/meubles-encastres\/kleiderschraenke-und-ankleide\/"},"modified":"2022-07-29T09:47:47","modified_gmt":"2022-07-29T07:47:47","slug":"dressings-et-penderies","status":"publish","type":"page","link":"https:\/\/invido.de\/fr\/meubles-sur-mesure\/meubles-encastres\/dressings-et-penderies\/","title":{"rendered":"Dressings et penderies"},"content":{"rendered":"<h3>Haute couture \u00e9l\u00e9gante, smart casual ou urban street style \u2013 votre mode est l&rsquo;expression de votre personnalit\u00e9 et souligne votre propre style.<\/h3>\n<p>Ne vous laissez pas freiner dans l&rsquo;am\u00e9nagement de votre penderie et configurez votre dressing en fonction de vos besoins individuels. Positionnez les \u00e9tag\u00e8res, les tiroirs et les tringles \u00e0 v\u00eatements de mani\u00e8re pratique et en fonction de vos propres activit\u00e9s quotidiennes. Des miroirs plac\u00e9s sur les portes coulissantes ou pivotantes vous permettent de jeter un coup d&rsquo;\u0153il sur votre tenue. Une s\u00e9rie de syst\u00e8mes d&rsquo;\u00e9clairage diff\u00e9rents assure la lumi\u00e8re et l&rsquo;ambiance dans votre garde-robe personnelle.<\/p>\n<p>Des \u00e9tag\u00e8res, des si\u00e8ges, une coiffeuse et des armoires \u00e0 bijoux peuvent \u00eatre compl\u00e9t\u00e9s dans le m\u00eame style. Avec votre armoire sur mesure, vous utilisez chaque centim\u00e8tre de votre catwalk personnel, de la bo\u00eete \u00e0 chapeaux jusqu&rsquo;\u00e0 votre \u00e9tag\u00e8re \u00e0 chaussures.<\/p>\n","protected":false},"excerpt":{"rendered":"<p>Haute couture \u00e9l\u00e9gante, smart casual ou urban street style \u2013 votre mode est l&rsquo;expression de votre personnalit\u00e9 et souligne votre propre style. Ne vous laissez pas freiner dans l&rsquo;am\u00e9nagement de votre penderie et configurez votre dressing en fonction de vos besoins individuels. Positionnez les \u00e9tag\u00e8res, les tiroirs et les tringles \u00e0 v\u00eatements de mani\u00e8re pratique &hellip;<\/p>\n","protected":false},"author":1,"featured_media":5150,"parent":1978,"menu_order":3,"comment_status":"closed","ping_status":"closed","template":"","meta":{"footnotes":""},"class_list":["post-6067","page","type-page","status-publish","has-post-thumbnail"],"yoast_head":"<!-- This site is optimized with the Yoast SEO plugin v26.2 - https:\/\/yoast.com\/wordpress\/plugins\/seo\/ -->\n<title>Dressings et penderies - InVIDO<\/title>\n<meta name=\"robots\" content=\"index, follow, max-snippet:-1, max-image-preview:large, max-video-preview:-1\" \/>\n<link rel=\"canonical\" href=\"https:\/\/invido.de\/fr\/meubles-sur-mesure\/meubles-encastres\/dressings-et-penderies\/\" \/>\n<meta property=\"og:locale\" content=\"fr_FR\" \/>\n<meta property=\"og:type\" content=\"article\" \/>\n<meta property=\"og:title\" content=\"Dressings et penderies - InVIDO\" \/>\n<meta property=\"og:description\" content=\"Haute couture \u00e9l\u00e9gante, smart casual ou urban street style \u2013 votre mode est l&rsquo;expression de votre personnalit\u00e9 et souligne votre propre style. Ne vous laissez pas freiner dans l&rsquo;am\u00e9nagement de votre penderie et configurez votre dressing en fonction de vos besoins individuels. Positionnez les \u00e9tag\u00e8res, les tiroirs et les tringles \u00e0 v\u00eatements de mani\u00e8re pratique &hellip;\" \/>\n<meta property=\"og:url\" content=\"https:\/\/invido.de\/fr\/meubles-sur-mesure\/meubles-encastres\/dressings-et-penderies\/\" \/>\n<meta property=\"og:site_name\" content=\"InVIDO\" \/>\n<meta property=\"article:modified_time\" content=\"2022-07-29T07:47:47+00:00\" \/>\n<meta property=\"og:image\" content=\"https:\/\/invido.de\/media\/2022\/07\/1-schlafzimmer-einbau-regal-schrank-furnier-holz_optik-raumhoch-invido.jpg\" \/>\n\t<meta property=\"og:image:width\" content=\"2000\" \/>\n\t<meta property=\"og:image:height\" content=\"1333\" \/>\n\t<meta property=\"og:image:type\" content=\"image\/jpeg\" \/>\n<meta name=\"twitter:card\" content=\"summary_large_image\" \/>\n<meta name=\"twitter:label1\" content=\"Dur\u00e9e de lecture estim\u00e9e\" \/>\n\t<meta name=\"twitter:data1\" content=\"1 minute\" \/>\n<script type=\"application\/ld+json\" class=\"yoast-schema-graph\">{\"@context\":\"https:\/\/schema.org\",\"@graph\":[{\"@type\":\"WebPage\",\"@id\":\"https:\/\/invido.de\/fr\/meubles-sur-mesure\/meubles-encastres\/dressings-et-penderies\/\",\"url\":\"https:\/\/invido.de\/fr\/meubles-sur-mesure\/meubles-encastres\/dressings-et-penderies\/\",\"name\":\"Dressings et penderies - InVIDO\",\"isPartOf\":{\"@id\":\"https:\/\/invido.de\/fr\/#website\"},\"primaryImageOfPage\":{\"@id\":\"https:\/\/invido.de\/fr\/meubles-sur-mesure\/meubles-encastres\/dressings-et-penderies\/#primaryimage\"},\"image\":{\"@id\":\"https:\/\/invido.de\/fr\/meubles-sur-mesure\/meubles-encastres\/dressings-et-penderies\/#primaryimage\"},\"thumbnailUrl\":\"https:\/\/invido.de\/media\/2022\/07\/1-schlafzimmer-einbau-regal-schrank-furnier-holz_optik-raumhoch-invido.jpg\",\"datePublished\":\"2022-07-22T12:00:53+00:00\",\"dateModified\":\"2022-07-29T07:47:47+00:00\",\"breadcrumb\":{\"@id\":\"https:\/\/invido.de\/fr\/meubles-sur-mesure\/meubles-encastres\/dressings-et-penderies\/#breadcrumb\"},\"inLanguage\":\"fr-FR\",\"potentialAction\":[{\"@type\":\"ReadAction\",\"target\":[\"https:\/\/invido.de\/fr\/meubles-sur-mesure\/meubles-encastres\/dressings-et-penderies\/\"]}]},{\"@type\":\"ImageObject\",\"inLanguage\":\"fr-FR\",\"@id\":\"https:\/\/invido.de\/fr\/meubles-sur-mesure\/meubles-encastres\/dressings-et-penderies\/#primaryimage\",\"url\":\"https:\/\/invido.de\/media\/2022\/07\/1-schlafzimmer-einbau-regal-schrank-furnier-holz_optik-raumhoch-invido.jpg\",\"contentUrl\":\"https:\/\/invido.de\/media\/2022\/07\/1-schlafzimmer-einbau-regal-schrank-furnier-holz_optik-raumhoch-invido.jpg\",\"width\":2000,\"height\":1333},{\"@type\":\"BreadcrumbList\",\"@id\":\"https:\/\/invido.de\/fr\/meubles-sur-mesure\/meubles-encastres\/dressings-et-penderies\/#breadcrumb\",\"itemListElement\":[{\"@type\":\"ListItem\",\"position\":1,\"name\":\"Startseite\",\"item\":\"https:\/\/invido.de\/fr\/\"},{\"@type\":\"ListItem\",\"position\":2,\"name\":\"Meubles sur mesure\",\"item\":\"https:\/\/invido.de\/fr\/meubles-sur-mesure\/\"},{\"@type\":\"ListItem\",\"position\":3,\"name\":\"Agencements\",\"item\":\"https:\/\/invido.de\/fr\/meubles-sur-mesure\/meubles-encastres\/\"},{\"@type\":\"ListItem\",\"position\":4,\"name\":\"Dressings et penderies\"}]},{\"@type\":\"WebSite\",\"@id\":\"https:\/\/invido.de\/fr\/#website\",\"url\":\"https:\/\/invido.de\/fr\/\",\"name\":\"InVIDO\",\"description\":\"\",\"potentialAction\":[{\"@type\":\"SearchAction\",\"target\":{\"@type\":\"EntryPoint\",\"urlTemplate\":\"https:\/\/invido.de\/fr\/?s={search_term_string}\"},\"query-input\":{\"@type\":\"PropertyValueSpecification\",\"valueRequired\":true,\"valueName\":\"search_term_string\"}}],\"inLanguage\":\"fr-FR\"}]}<\/script>\n<!-- \/ Yoast SEO plugin. -->","yoast_head_json":{"title":"Dressings et penderies - InVIDO","robots":{"index":"index","follow":"follow","max-snippet":"max-snippet:-1","max-image-preview":"max-image-preview:large","max-video-preview":"max-video-preview:-1"},"canonical":"https:\/\/invido.de\/fr\/meubles-sur-mesure\/meubles-encastres\/dressings-et-penderies\/","og_locale":"fr_FR","og_type":"article","og_title":"Dressings et penderies - InVIDO","og_description":"Haute couture \u00e9l\u00e9gante, smart casual ou urban street style \u2013 votre mode est l&rsquo;expression de votre personnalit\u00e9 et souligne votre propre style. Ne vous laissez pas freiner dans l&rsquo;am\u00e9nagement de votre penderie et configurez votre dressing en fonction de vos besoins individuels. Positionnez les \u00e9tag\u00e8res, les tiroirs et les tringles \u00e0 v\u00eatements de mani\u00e8re pratique &hellip;","og_url":"https:\/\/invido.de\/fr\/meubles-sur-mesure\/meubles-encastres\/dressings-et-penderies\/","og_site_name":"InVIDO","article_modified_time":"2022-07-29T07:47:47+00:00","og_image":[{"width":2000,"height":1333,"url":"https:\/\/invido.de\/media\/2022\/07\/1-schlafzimmer-einbau-regal-schrank-furnier-holz_optik-raumhoch-invido.jpg","type":"image\/jpeg"}],"twitter_card":"summary_large_image","twitter_misc":{"Dur\u00e9e de lecture estim\u00e9e":"1 minute"},"schema":{"@context":"https:\/\/schema.org","@graph":[{"@type":"WebPage","@id":"https:\/\/invido.de\/fr\/meubles-sur-mesure\/meubles-encastres\/dressings-et-penderies\/","url":"https:\/\/invido.de\/fr\/meubles-sur-mesure\/meubles-encastres\/dressings-et-penderies\/","name":"Dressings et penderies - InVIDO","isPartOf":{"@id":"https:\/\/invido.de\/fr\/#website"},"primaryImageOfPage":{"@id":"https:\/\/invido.de\/fr\/meubles-sur-mesure\/meubles-encastres\/dressings-et-penderies\/#primaryimage"},"image":{"@id":"https:\/\/invido.de\/fr\/meubles-sur-mesure\/meubles-encastres\/dressings-et-penderies\/#primaryimage"},"thumbnailUrl":"https:\/\/invido.de\/media\/2022\/07\/1-schlafzimmer-einbau-regal-schrank-furnier-holz_optik-raumhoch-invido.jpg","datePublished":"2022-07-22T12:00:53+00:00","dateModified":"2022-07-29T07:47:47+00:00","breadcrumb":{"@id":"https:\/\/invido.de\/fr\/meubles-sur-mesure\/meubles-encastres\/dressings-et-penderies\/#breadcrumb"},"inLanguage":"fr-FR","potentialAction":[{"@type":"ReadAction","target":["https:\/\/invido.de\/fr\/meubles-sur-mesure\/meubles-encastres\/dressings-et-penderies\/"]}]},{"@type":"ImageObject","inLanguage":"fr-FR","@id":"https:\/\/invido.de\/fr\/meubles-sur-mesure\/meubles-encastres\/dressings-et-penderies\/#primaryimage","url":"https:\/\/invido.de\/media\/2022\/07\/1-schlafzimmer-einbau-regal-schrank-furnier-holz_optik-raumhoch-invido.jpg","contentUrl":"https:\/\/invido.de\/media\/2022\/07\/1-schlafzimmer-einbau-regal-schrank-furnier-holz_optik-raumhoch-invido.jpg","width":2000,"height":1333},{"@type":"BreadcrumbList","@id":"https:\/\/invido.de\/fr\/meubles-sur-mesure\/meubles-encastres\/dressings-et-penderies\/#breadcrumb","itemListElement":[{"@type":"ListItem","position":1,"name":"Startseite","item":"https:\/\/invido.de\/fr\/"},{"@type":"ListItem","position":2,"name":"Meubles sur mesure","item":"https:\/\/invido.de\/fr\/meubles-sur-mesure\/"},{"@type":"ListItem","position":3,"name":"Agencements","item":"https:\/\/invido.de\/fr\/meubles-sur-mesure\/meubles-encastres\/"},{"@type":"ListItem","position":4,"name":"Dressings et penderies"}]},{"@type":"WebSite","@id":"https:\/\/invido.de\/fr\/#website","url":"https:\/\/invido.de\/fr\/","name":"InVIDO","description":"","potentialAction":[{"@type":"SearchAction","target":{"@type":"EntryPoint","urlTemplate":"https:\/\/invido.de\/fr\/?s={search_term_string}"},"query-input":{"@type":"PropertyValueSpecification","valueRequired":true,"valueName":"search_term_string"}}],"inLanguage":"fr-FR"}]}},"_links":{"self":[{"href":"https:\/\/invido.de\/fr\/wp-json\/wp\/v2\/pages\/6067","targetHints":{"allow":["GET"]}}],"collection":[{"href":"https:\/\/invido.de\/fr\/wp-json\/wp\/v2\/pages"}],"about":[{"href":"https:\/\/invido.de\/fr\/wp-json\/wp\/v2\/types\/page"}],"author":[{"embeddable":true,"href":"https:\/\/invido.de\/fr\/wp-json\/wp\/v2\/users\/1"}],"replies":[{"embeddable":true,"href":"https:\/\/invido.de\/fr\/wp-json\/wp\/v2\/comments?post=6067"}],"version-history":[{"count":1,"href":"https:\/\/invido.de\/fr\/wp-json\/wp\/v2\/pages\/6067\/revisions"}],"predecessor-version":[{"id":6070,"href":"https:\/\/invido.de\/fr\/wp-json\/wp\/v2\/pages\/6067\/revisions\/6070"}],"up":[{"embeddable":true,"href":"https:\/\/invido.de\/fr\/wp-json\/wp\/v2\/pages\/1978"}],"wp:featuredmedia":[{"embeddable":true,"href":"https:\/\/invido.de\/fr\/wp-json\/wp\/v2\/media\/5150"}],"wp:attachment":[{"href":"https:\/\/invido.de\/fr\/wp-json\/wp\/v2\/media?parent=6067"}],"curies":[{"name":"wp","href":"https:\/\/api.w.org\/{rel}","templated":true}]}}