{"id":6073,"date":"2022-07-22T14:05:14","date_gmt":"2022-07-22T12:05:14","guid":{"rendered":"https:\/\/invido.de\/meubles-sur-mesure\/solitaire\/kommoden-sideboards\/"},"modified":"2022-07-29T10:00:27","modified_gmt":"2022-07-29T08:00:27","slug":"commodes-et-buffets","status":"publish","type":"page","link":"https:\/\/invido.de\/fr\/meubles-sur-mesure\/solitaire\/commodes-et-buffets\/","title":{"rendered":"Commodes et buffets"},"content":{"rendered":"<h3>Les commodes et sideboards offrent un espace de rangement polyvalent pour chaque appartement.<\/h3>\n<p>Les armoires \u00e0 mi-hauteur sont disponibles en tant que meubles encastr\u00e9s \u00e9l\u00e9gants ou en tant que meubles solitaires suspendus ou pos\u00e9s. Que ce soit dans la salle \u00e0 manger, la chambre \u00e0 coucher ou la chambre des enfants, dans le couloir ou dans la cuisine, les commodes et les buffets trouvent leur place dans tous les espaces de vie. Gr\u00e2ce \u00e0 la grande libert\u00e9 d&rsquo;am\u00e9nagement avec diff\u00e9rents mat\u00e9riaux, couleurs et accessoires, chaque meuble a son caract\u00e8re individuel. Les fa\u00e7ades laqu\u00e9es blanches sont particuli\u00e8rement \u00e9l\u00e9gantes lorsqu&rsquo;elles sont associ\u00e9es \u00e0 des d\u00e9cors ou \u00e0 des placages en bois v\u00e9ritable. Chaque meuble librement configurable devient une pi\u00e8ce unique sur mesure.<\/p>\n","protected":false},"excerpt":{"rendered":"<p>Les commodes et sideboards offrent un espace de rangement polyvalent pour chaque appartement. Les armoires \u00e0 mi-hauteur sont disponibles en tant que meubles encastr\u00e9s \u00e9l\u00e9gants ou en tant que meubles solitaires suspendus ou pos\u00e9s. Que ce soit dans la salle \u00e0 manger, la chambre \u00e0 coucher ou la chambre des enfants, dans le couloir ou &hellip;<\/p>\n","protected":false},"author":1,"featured_media":5192,"parent":5012,"menu_order":3,"comment_status":"closed","ping_status":"closed","template":"","meta":{"footnotes":""},"class_list":["post-6073","page","type-page","status-publish","has-post-thumbnail"],"yoast_head":"<!-- This site is optimized with the Yoast SEO plugin v26.2 - https:\/\/yoast.com\/wordpress\/plugins\/seo\/ -->\n<title>Commodes et buffets - InVIDO<\/title>\n<meta name=\"robots\" content=\"index, follow, max-snippet:-1, max-image-preview:large, max-video-preview:-1\" \/>\n<link rel=\"canonical\" href=\"https:\/\/invido.de\/fr\/meubles-sur-mesure\/solitaire\/commodes-et-buffets\/\" \/>\n<meta property=\"og:locale\" content=\"fr_FR\" \/>\n<meta property=\"og:type\" content=\"article\" \/>\n<meta property=\"og:title\" content=\"Commodes et buffets - InVIDO\" \/>\n<meta property=\"og:description\" content=\"Les commodes et sideboards offrent un espace de rangement polyvalent pour chaque appartement. Les armoires \u00e0 mi-hauteur sont disponibles en tant que meubles encastr\u00e9s \u00e9l\u00e9gants ou en tant que meubles solitaires suspendus ou pos\u00e9s. Que ce soit dans la salle \u00e0 manger, la chambre \u00e0 coucher ou la chambre des enfants, dans le couloir ou &hellip;\" \/>\n<meta property=\"og:url\" content=\"https:\/\/invido.de\/fr\/meubles-sur-mesure\/solitaire\/commodes-et-buffets\/\" \/>\n<meta property=\"og:site_name\" content=\"InVIDO\" \/>\n<meta property=\"article:modified_time\" content=\"2022-07-29T08:00:27+00:00\" \/>\n<meta property=\"og:image\" content=\"https:\/\/invido.de\/media\/2022\/07\/1-sideboard-oberflaeche-mix-vielfalt-invido.jpg\" \/>\n\t<meta property=\"og:image:width\" content=\"2000\" \/>\n\t<meta property=\"og:image:height\" content=\"1334\" \/>\n\t<meta property=\"og:image:type\" content=\"image\/jpeg\" \/>\n<meta name=\"twitter:card\" content=\"summary_large_image\" \/>\n<meta name=\"twitter:label1\" content=\"Dur\u00e9e de lecture estim\u00e9e\" \/>\n\t<meta name=\"twitter:data1\" content=\"1 minute\" \/>\n<script type=\"application\/ld+json\" class=\"yoast-schema-graph\">{\"@context\":\"https:\/\/schema.org\",\"@graph\":[{\"@type\":\"WebPage\",\"@id\":\"https:\/\/invido.de\/fr\/meubles-sur-mesure\/solitaire\/commodes-et-buffets\/\",\"url\":\"https:\/\/invido.de\/fr\/meubles-sur-mesure\/solitaire\/commodes-et-buffets\/\",\"name\":\"Commodes et buffets - InVIDO\",\"isPartOf\":{\"@id\":\"https:\/\/invido.de\/fr\/#website\"},\"primaryImageOfPage\":{\"@id\":\"https:\/\/invido.de\/fr\/meubles-sur-mesure\/solitaire\/commodes-et-buffets\/#primaryimage\"},\"image\":{\"@id\":\"https:\/\/invido.de\/fr\/meubles-sur-mesure\/solitaire\/commodes-et-buffets\/#primaryimage\"},\"thumbnailUrl\":\"https:\/\/invido.de\/media\/2022\/07\/1-sideboard-oberflaeche-mix-vielfalt-invido.jpg\",\"datePublished\":\"2022-07-22T12:05:14+00:00\",\"dateModified\":\"2022-07-29T08:00:27+00:00\",\"breadcrumb\":{\"@id\":\"https:\/\/invido.de\/fr\/meubles-sur-mesure\/solitaire\/commodes-et-buffets\/#breadcrumb\"},\"inLanguage\":\"fr-FR\",\"potentialAction\":[{\"@type\":\"ReadAction\",\"target\":[\"https:\/\/invido.de\/fr\/meubles-sur-mesure\/solitaire\/commodes-et-buffets\/\"]}]},{\"@type\":\"ImageObject\",\"inLanguage\":\"fr-FR\",\"@id\":\"https:\/\/invido.de\/fr\/meubles-sur-mesure\/solitaire\/commodes-et-buffets\/#primaryimage\",\"url\":\"https:\/\/invido.de\/media\/2022\/07\/1-sideboard-oberflaeche-mix-vielfalt-invido.jpg\",\"contentUrl\":\"https:\/\/invido.de\/media\/2022\/07\/1-sideboard-oberflaeche-mix-vielfalt-invido.jpg\",\"width\":2000,\"height\":1334},{\"@type\":\"BreadcrumbList\",\"@id\":\"https:\/\/invido.de\/fr\/meubles-sur-mesure\/solitaire\/commodes-et-buffets\/#breadcrumb\",\"itemListElement\":[{\"@type\":\"ListItem\",\"position\":1,\"name\":\"Startseite\",\"item\":\"https:\/\/invido.de\/fr\/\"},{\"@type\":\"ListItem\",\"position\":2,\"name\":\"Meubles sur mesure\",\"item\":\"https:\/\/invido.de\/fr\/meubles-sur-mesure\/\"},{\"@type\":\"ListItem\",\"position\":3,\"name\":\"Meubles solitaires\",\"item\":\"https:\/\/invido.de\/fr\/meubles-sur-mesure\/solitaire\/\"},{\"@type\":\"ListItem\",\"position\":4,\"name\":\"Commodes et buffets\"}]},{\"@type\":\"WebSite\",\"@id\":\"https:\/\/invido.de\/fr\/#website\",\"url\":\"https:\/\/invido.de\/fr\/\",\"name\":\"InVIDO\",\"description\":\"\",\"potentialAction\":[{\"@type\":\"SearchAction\",\"target\":{\"@type\":\"EntryPoint\",\"urlTemplate\":\"https:\/\/invido.de\/fr\/?s={search_term_string}\"},\"query-input\":{\"@type\":\"PropertyValueSpecification\",\"valueRequired\":true,\"valueName\":\"search_term_string\"}}],\"inLanguage\":\"fr-FR\"}]}<\/script>\n<!-- \/ Yoast SEO plugin. -->","yoast_head_json":{"title":"Commodes et buffets - InVIDO","robots":{"index":"index","follow":"follow","max-snippet":"max-snippet:-1","max-image-preview":"max-image-preview:large","max-video-preview":"max-video-preview:-1"},"canonical":"https:\/\/invido.de\/fr\/meubles-sur-mesure\/solitaire\/commodes-et-buffets\/","og_locale":"fr_FR","og_type":"article","og_title":"Commodes et buffets - InVIDO","og_description":"Les commodes et sideboards offrent un espace de rangement polyvalent pour chaque appartement. Les armoires \u00e0 mi-hauteur sont disponibles en tant que meubles encastr\u00e9s \u00e9l\u00e9gants ou en tant que meubles solitaires suspendus ou pos\u00e9s. Que ce soit dans la salle \u00e0 manger, la chambre \u00e0 coucher ou la chambre des enfants, dans le couloir ou &hellip;","og_url":"https:\/\/invido.de\/fr\/meubles-sur-mesure\/solitaire\/commodes-et-buffets\/","og_site_name":"InVIDO","article_modified_time":"2022-07-29T08:00:27+00:00","og_image":[{"width":2000,"height":1334,"url":"https:\/\/invido.de\/media\/2022\/07\/1-sideboard-oberflaeche-mix-vielfalt-invido.jpg","type":"image\/jpeg"}],"twitter_card":"summary_large_image","twitter_misc":{"Dur\u00e9e de lecture estim\u00e9e":"1 minute"},"schema":{"@context":"https:\/\/schema.org","@graph":[{"@type":"WebPage","@id":"https:\/\/invido.de\/fr\/meubles-sur-mesure\/solitaire\/commodes-et-buffets\/","url":"https:\/\/invido.de\/fr\/meubles-sur-mesure\/solitaire\/commodes-et-buffets\/","name":"Commodes et buffets - InVIDO","isPartOf":{"@id":"https:\/\/invido.de\/fr\/#website"},"primaryImageOfPage":{"@id":"https:\/\/invido.de\/fr\/meubles-sur-mesure\/solitaire\/commodes-et-buffets\/#primaryimage"},"image":{"@id":"https:\/\/invido.de\/fr\/meubles-sur-mesure\/solitaire\/commodes-et-buffets\/#primaryimage"},"thumbnailUrl":"https:\/\/invido.de\/media\/2022\/07\/1-sideboard-oberflaeche-mix-vielfalt-invido.jpg","datePublished":"2022-07-22T12:05:14+00:00","dateModified":"2022-07-29T08:00:27+00:00","breadcrumb":{"@id":"https:\/\/invido.de\/fr\/meubles-sur-mesure\/solitaire\/commodes-et-buffets\/#breadcrumb"},"inLanguage":"fr-FR","potentialAction":[{"@type":"ReadAction","target":["https:\/\/invido.de\/fr\/meubles-sur-mesure\/solitaire\/commodes-et-buffets\/"]}]},{"@type":"ImageObject","inLanguage":"fr-FR","@id":"https:\/\/invido.de\/fr\/meubles-sur-mesure\/solitaire\/commodes-et-buffets\/#primaryimage","url":"https:\/\/invido.de\/media\/2022\/07\/1-sideboard-oberflaeche-mix-vielfalt-invido.jpg","contentUrl":"https:\/\/invido.de\/media\/2022\/07\/1-sideboard-oberflaeche-mix-vielfalt-invido.jpg","width":2000,"height":1334},{"@type":"BreadcrumbList","@id":"https:\/\/invido.de\/fr\/meubles-sur-mesure\/solitaire\/commodes-et-buffets\/#breadcrumb","itemListElement":[{"@type":"ListItem","position":1,"name":"Startseite","item":"https:\/\/invido.de\/fr\/"},{"@type":"ListItem","position":2,"name":"Meubles sur mesure","item":"https:\/\/invido.de\/fr\/meubles-sur-mesure\/"},{"@type":"ListItem","position":3,"name":"Meubles solitaires","item":"https:\/\/invido.de\/fr\/meubles-sur-mesure\/solitaire\/"},{"@type":"ListItem","position":4,"name":"Commodes et buffets"}]},{"@type":"WebSite","@id":"https:\/\/invido.de\/fr\/#website","url":"https:\/\/invido.de\/fr\/","name":"InVIDO","description":"","potentialAction":[{"@type":"SearchAction","target":{"@type":"EntryPoint","urlTemplate":"https:\/\/invido.de\/fr\/?s={search_term_string}"},"query-input":{"@type":"PropertyValueSpecification","valueRequired":true,"valueName":"search_term_string"}}],"inLanguage":"fr-FR"}]}},"_links":{"self":[{"href":"https:\/\/invido.de\/fr\/wp-json\/wp\/v2\/pages\/6073","targetHints":{"allow":["GET"]}}],"collection":[{"href":"https:\/\/invido.de\/fr\/wp-json\/wp\/v2\/pages"}],"about":[{"href":"https:\/\/invido.de\/fr\/wp-json\/wp\/v2\/types\/page"}],"author":[{"embeddable":true,"href":"https:\/\/invido.de\/fr\/wp-json\/wp\/v2\/users\/1"}],"replies":[{"embeddable":true,"href":"https:\/\/invido.de\/fr\/wp-json\/wp\/v2\/comments?post=6073"}],"version-history":[{"count":3,"href":"https:\/\/invido.de\/fr\/wp-json\/wp\/v2\/pages\/6073\/revisions"}],"predecessor-version":[{"id":6078,"href":"https:\/\/invido.de\/fr\/wp-json\/wp\/v2\/pages\/6073\/revisions\/6078"}],"up":[{"embeddable":true,"href":"https:\/\/invido.de\/fr\/wp-json\/wp\/v2\/pages\/5012"}],"wp:featuredmedia":[{"embeddable":true,"href":"https:\/\/invido.de\/fr\/wp-json\/wp\/v2\/media\/5192"}],"wp:attachment":[{"href":"https:\/\/invido.de\/fr\/wp-json\/wp\/v2\/media?parent=6073"}],"curies":[{"name":"wp","href":"https:\/\/api.w.org\/{rel}","templated":true}]}}