{"id":6087,"date":"2022-07-22T14:21:26","date_gmt":"2022-07-22T12:21:26","guid":{"rendered":"https:\/\/invido.de\/meubles-sur-mesure\/solitaire\/badezimmerschraenke\/"},"modified":"2022-07-29T16:33:08","modified_gmt":"2022-07-29T14:33:08","slug":"armoires-de-salle-de-bains","status":"publish","type":"page","link":"https:\/\/invido.de\/fr\/meubles-sur-mesure\/solitaire\/armoires-de-salle-de-bains\/","title":{"rendered":"Armoires de salle de bains"},"content":{"rendered":"<p>Les salles de bains sont souvent tr\u00e8s individuelles en termes de taille et d&rsquo;am\u00e9nagement. Les meubles de salle de bains sur mesure offrent une grande libert\u00e9 d&rsquo;am\u00e9nagement pour utiliser au mieux l&rsquo;espace disponible. Qu&rsquo;il s&rsquo;agisse d&rsquo;une salle de bains principale ou d&rsquo;une salle de bains d&rsquo;invit\u00e9s, les meubles encastrables sur mesure transforment chaque pi\u00e8ce en une oasis de bien-\u00eatre. Les meubles pour s&rsquo;asseoir invitent \u00e0 la d\u00e9tente et offrent un espace de rangement suppl\u00e9mentaire. Des portes coulissantes cachent et prot\u00e8gent les \u00e9quipements non utilis\u00e9s, les produits cosm\u00e9tiques et les serviettes. Des miroirs aux dimensions pr\u00e9cises plac\u00e9s sur des panneaux suspendus permettent des angles de vue int\u00e9ressants et apportent de la profondeur aux petites salles de bains.<\/p>\n","protected":false},"excerpt":{"rendered":"<p>Les salles de bains sont souvent tr\u00e8s individuelles en termes de taille et d&rsquo;am\u00e9nagement. Les meubles de salle de bains sur mesure offrent une grande libert\u00e9 d&rsquo;am\u00e9nagement pour utiliser au mieux l&rsquo;espace disponible. Qu&rsquo;il s&rsquo;agisse d&rsquo;une salle de bains principale ou d&rsquo;une salle de bains d&rsquo;invit\u00e9s, les meubles encastrables sur mesure transforment chaque pi\u00e8ce en &hellip;<\/p>\n","protected":false},"author":1,"featured_media":5390,"parent":5012,"menu_order":2,"comment_status":"closed","ping_status":"closed","template":"","meta":{"footnotes":""},"class_list":["post-6087","page","type-page","status-publish","has-post-thumbnail"],"yoast_head":"<!-- This site is optimized with the Yoast SEO plugin v26.2 - https:\/\/yoast.com\/wordpress\/plugins\/seo\/ -->\n<title>Armoires de salle de bains - InVIDO<\/title>\n<meta name=\"robots\" content=\"index, follow, max-snippet:-1, max-image-preview:large, max-video-preview:-1\" \/>\n<link rel=\"canonical\" href=\"https:\/\/invido.de\/fr\/meubles-sur-mesure\/solitaire\/armoires-de-salle-de-bains\/\" \/>\n<meta property=\"og:locale\" content=\"fr_FR\" \/>\n<meta property=\"og:type\" content=\"article\" \/>\n<meta property=\"og:title\" content=\"Armoires de salle de bains - InVIDO\" \/>\n<meta property=\"og:description\" content=\"Les salles de bains sont souvent tr\u00e8s individuelles en termes de taille et d&rsquo;am\u00e9nagement. Les meubles de salle de bains sur mesure offrent une grande libert\u00e9 d&rsquo;am\u00e9nagement pour utiliser au mieux l&rsquo;espace disponible. Qu&rsquo;il s&rsquo;agisse d&rsquo;une salle de bains principale ou d&rsquo;une salle de bains d&rsquo;invit\u00e9s, les meubles encastrables sur mesure transforment chaque pi\u00e8ce en &hellip;\" \/>\n<meta property=\"og:url\" content=\"https:\/\/invido.de\/fr\/meubles-sur-mesure\/solitaire\/armoires-de-salle-de-bains\/\" \/>\n<meta property=\"og:site_name\" content=\"InVIDO\" \/>\n<meta property=\"article:modified_time\" content=\"2022-07-29T14:33:08+00:00\" \/>\n<meta property=\"og:image\" content=\"https:\/\/invido.de\/media\/2022\/07\/1-badmoebel-nach_mass-invido.jpg\" \/>\n\t<meta property=\"og:image:width\" content=\"2000\" \/>\n\t<meta property=\"og:image:height\" content=\"1334\" \/>\n\t<meta property=\"og:image:type\" content=\"image\/jpeg\" \/>\n<meta name=\"twitter:card\" content=\"summary_large_image\" \/>\n<meta name=\"twitter:label1\" content=\"Dur\u00e9e de lecture estim\u00e9e\" \/>\n\t<meta name=\"twitter:data1\" content=\"1 minute\" \/>\n<script type=\"application\/ld+json\" class=\"yoast-schema-graph\">{\"@context\":\"https:\/\/schema.org\",\"@graph\":[{\"@type\":\"WebPage\",\"@id\":\"https:\/\/invido.de\/fr\/meubles-sur-mesure\/solitaire\/armoires-de-salle-de-bains\/\",\"url\":\"https:\/\/invido.de\/fr\/meubles-sur-mesure\/solitaire\/armoires-de-salle-de-bains\/\",\"name\":\"Armoires de salle de bains - InVIDO\",\"isPartOf\":{\"@id\":\"https:\/\/invido.de\/fr\/#website\"},\"primaryImageOfPage\":{\"@id\":\"https:\/\/invido.de\/fr\/meubles-sur-mesure\/solitaire\/armoires-de-salle-de-bains\/#primaryimage\"},\"image\":{\"@id\":\"https:\/\/invido.de\/fr\/meubles-sur-mesure\/solitaire\/armoires-de-salle-de-bains\/#primaryimage\"},\"thumbnailUrl\":\"https:\/\/invido.de\/media\/2022\/07\/1-badmoebel-nach_mass-invido.jpg\",\"datePublished\":\"2022-07-22T12:21:26+00:00\",\"dateModified\":\"2022-07-29T14:33:08+00:00\",\"breadcrumb\":{\"@id\":\"https:\/\/invido.de\/fr\/meubles-sur-mesure\/solitaire\/armoires-de-salle-de-bains\/#breadcrumb\"},\"inLanguage\":\"fr-FR\",\"potentialAction\":[{\"@type\":\"ReadAction\",\"target\":[\"https:\/\/invido.de\/fr\/meubles-sur-mesure\/solitaire\/armoires-de-salle-de-bains\/\"]}]},{\"@type\":\"ImageObject\",\"inLanguage\":\"fr-FR\",\"@id\":\"https:\/\/invido.de\/fr\/meubles-sur-mesure\/solitaire\/armoires-de-salle-de-bains\/#primaryimage\",\"url\":\"https:\/\/invido.de\/media\/2022\/07\/1-badmoebel-nach_mass-invido.jpg\",\"contentUrl\":\"https:\/\/invido.de\/media\/2022\/07\/1-badmoebel-nach_mass-invido.jpg\",\"width\":2000,\"height\":1334},{\"@type\":\"BreadcrumbList\",\"@id\":\"https:\/\/invido.de\/fr\/meubles-sur-mesure\/solitaire\/armoires-de-salle-de-bains\/#breadcrumb\",\"itemListElement\":[{\"@type\":\"ListItem\",\"position\":1,\"name\":\"Startseite\",\"item\":\"https:\/\/invido.de\/fr\/\"},{\"@type\":\"ListItem\",\"position\":2,\"name\":\"Meubles sur mesure\",\"item\":\"https:\/\/invido.de\/fr\/meubles-sur-mesure\/\"},{\"@type\":\"ListItem\",\"position\":3,\"name\":\"Meubles solitaires\",\"item\":\"https:\/\/invido.de\/fr\/meubles-sur-mesure\/solitaire\/\"},{\"@type\":\"ListItem\",\"position\":4,\"name\":\"Armoires de salle de bains\"}]},{\"@type\":\"WebSite\",\"@id\":\"https:\/\/invido.de\/fr\/#website\",\"url\":\"https:\/\/invido.de\/fr\/\",\"name\":\"InVIDO\",\"description\":\"\",\"potentialAction\":[{\"@type\":\"SearchAction\",\"target\":{\"@type\":\"EntryPoint\",\"urlTemplate\":\"https:\/\/invido.de\/fr\/?s={search_term_string}\"},\"query-input\":{\"@type\":\"PropertyValueSpecification\",\"valueRequired\":true,\"valueName\":\"search_term_string\"}}],\"inLanguage\":\"fr-FR\"}]}<\/script>\n<!-- \/ Yoast SEO plugin. -->","yoast_head_json":{"title":"Armoires de salle de bains - InVIDO","robots":{"index":"index","follow":"follow","max-snippet":"max-snippet:-1","max-image-preview":"max-image-preview:large","max-video-preview":"max-video-preview:-1"},"canonical":"https:\/\/invido.de\/fr\/meubles-sur-mesure\/solitaire\/armoires-de-salle-de-bains\/","og_locale":"fr_FR","og_type":"article","og_title":"Armoires de salle de bains - InVIDO","og_description":"Les salles de bains sont souvent tr\u00e8s individuelles en termes de taille et d&rsquo;am\u00e9nagement. Les meubles de salle de bains sur mesure offrent une grande libert\u00e9 d&rsquo;am\u00e9nagement pour utiliser au mieux l&rsquo;espace disponible. Qu&rsquo;il s&rsquo;agisse d&rsquo;une salle de bains principale ou d&rsquo;une salle de bains d&rsquo;invit\u00e9s, les meubles encastrables sur mesure transforment chaque pi\u00e8ce en &hellip;","og_url":"https:\/\/invido.de\/fr\/meubles-sur-mesure\/solitaire\/armoires-de-salle-de-bains\/","og_site_name":"InVIDO","article_modified_time":"2022-07-29T14:33:08+00:00","og_image":[{"width":2000,"height":1334,"url":"https:\/\/invido.de\/media\/2022\/07\/1-badmoebel-nach_mass-invido.jpg","type":"image\/jpeg"}],"twitter_card":"summary_large_image","twitter_misc":{"Dur\u00e9e de lecture estim\u00e9e":"1 minute"},"schema":{"@context":"https:\/\/schema.org","@graph":[{"@type":"WebPage","@id":"https:\/\/invido.de\/fr\/meubles-sur-mesure\/solitaire\/armoires-de-salle-de-bains\/","url":"https:\/\/invido.de\/fr\/meubles-sur-mesure\/solitaire\/armoires-de-salle-de-bains\/","name":"Armoires de salle de bains - InVIDO","isPartOf":{"@id":"https:\/\/invido.de\/fr\/#website"},"primaryImageOfPage":{"@id":"https:\/\/invido.de\/fr\/meubles-sur-mesure\/solitaire\/armoires-de-salle-de-bains\/#primaryimage"},"image":{"@id":"https:\/\/invido.de\/fr\/meubles-sur-mesure\/solitaire\/armoires-de-salle-de-bains\/#primaryimage"},"thumbnailUrl":"https:\/\/invido.de\/media\/2022\/07\/1-badmoebel-nach_mass-invido.jpg","datePublished":"2022-07-22T12:21:26+00:00","dateModified":"2022-07-29T14:33:08+00:00","breadcrumb":{"@id":"https:\/\/invido.de\/fr\/meubles-sur-mesure\/solitaire\/armoires-de-salle-de-bains\/#breadcrumb"},"inLanguage":"fr-FR","potentialAction":[{"@type":"ReadAction","target":["https:\/\/invido.de\/fr\/meubles-sur-mesure\/solitaire\/armoires-de-salle-de-bains\/"]}]},{"@type":"ImageObject","inLanguage":"fr-FR","@id":"https:\/\/invido.de\/fr\/meubles-sur-mesure\/solitaire\/armoires-de-salle-de-bains\/#primaryimage","url":"https:\/\/invido.de\/media\/2022\/07\/1-badmoebel-nach_mass-invido.jpg","contentUrl":"https:\/\/invido.de\/media\/2022\/07\/1-badmoebel-nach_mass-invido.jpg","width":2000,"height":1334},{"@type":"BreadcrumbList","@id":"https:\/\/invido.de\/fr\/meubles-sur-mesure\/solitaire\/armoires-de-salle-de-bains\/#breadcrumb","itemListElement":[{"@type":"ListItem","position":1,"name":"Startseite","item":"https:\/\/invido.de\/fr\/"},{"@type":"ListItem","position":2,"name":"Meubles sur mesure","item":"https:\/\/invido.de\/fr\/meubles-sur-mesure\/"},{"@type":"ListItem","position":3,"name":"Meubles solitaires","item":"https:\/\/invido.de\/fr\/meubles-sur-mesure\/solitaire\/"},{"@type":"ListItem","position":4,"name":"Armoires de salle de bains"}]},{"@type":"WebSite","@id":"https:\/\/invido.de\/fr\/#website","url":"https:\/\/invido.de\/fr\/","name":"InVIDO","description":"","potentialAction":[{"@type":"SearchAction","target":{"@type":"EntryPoint","urlTemplate":"https:\/\/invido.de\/fr\/?s={search_term_string}"},"query-input":{"@type":"PropertyValueSpecification","valueRequired":true,"valueName":"search_term_string"}}],"inLanguage":"fr-FR"}]}},"_links":{"self":[{"href":"https:\/\/invido.de\/fr\/wp-json\/wp\/v2\/pages\/6087","targetHints":{"allow":["GET"]}}],"collection":[{"href":"https:\/\/invido.de\/fr\/wp-json\/wp\/v2\/pages"}],"about":[{"href":"https:\/\/invido.de\/fr\/wp-json\/wp\/v2\/types\/page"}],"author":[{"embeddable":true,"href":"https:\/\/invido.de\/fr\/wp-json\/wp\/v2\/users\/1"}],"replies":[{"embeddable":true,"href":"https:\/\/invido.de\/fr\/wp-json\/wp\/v2\/comments?post=6087"}],"version-history":[{"count":1,"href":"https:\/\/invido.de\/fr\/wp-json\/wp\/v2\/pages\/6087\/revisions"}],"predecessor-version":[{"id":6090,"href":"https:\/\/invido.de\/fr\/wp-json\/wp\/v2\/pages\/6087\/revisions\/6090"}],"up":[{"embeddable":true,"href":"https:\/\/invido.de\/fr\/wp-json\/wp\/v2\/pages\/5012"}],"wp:featuredmedia":[{"embeddable":true,"href":"https:\/\/invido.de\/fr\/wp-json\/wp\/v2\/media\/5390"}],"wp:attachment":[{"href":"https:\/\/invido.de\/fr\/wp-json\/wp\/v2\/media?parent=6087"}],"curies":[{"name":"wp","href":"https:\/\/api.w.org\/{rel}","templated":true}]}}