{"id":9239,"date":"2025-08-05T15:59:16","date_gmt":"2025-08-05T13:59:16","guid":{"rendered":"https:\/\/invido.de\/entdecken-sie-die-welt-des-wohnens\/"},"modified":"2025-08-05T16:09:19","modified_gmt":"2025-08-05T14:09:19","slug":"decouvrez-lunivers-de-lhabitat","status":"publish","type":"page","link":"https:\/\/invido.de\/fr\/decouvrez-lunivers-de-lhabitat\/","title":{"rendered":"D\u00e9couvrez l&rsquo;univers de l&rsquo;habitat"},"content":{"rendered":"<p>Plongez dans notre collection vari\u00e9e d&rsquo;inspirations, de tendances et de solutions astucieuses. Que vous souhaitiez r\u00e9am\u00e9nager votre int\u00e9rieur, transformer une pi\u00e8ce ou simplement trouver le d\u00e9tail parfait, vous trouverez ici des id\u00e9es originales qui vous inspireront et vous inciteront \u00e0 r\u00e9aliser vos r\u00eaves d&rsquo;am\u00e9nagement. Laissez-vous inspirer et cr\u00e9ez votre propre espace de bien-\u00eatre !<\/p>\n","protected":false},"excerpt":{"rendered":"<p>Plongez dans notre collection vari\u00e9e d&rsquo;inspirations, de tendances et de solutions astucieuses. Que vous souhaitiez r\u00e9am\u00e9nager votre int\u00e9rieur, transformer une pi\u00e8ce ou simplement trouver le d\u00e9tail parfait, vous trouverez ici des id\u00e9es originales qui vous inspireront et vous inciteront \u00e0 r\u00e9aliser vos r\u00eaves d&rsquo;am\u00e9nagement. Laissez-vous inspirer et cr\u00e9ez votre propre espace de bien-\u00eatre !<\/p>\n","protected":false},"author":1,"featured_media":4342,"parent":0,"menu_order":0,"comment_status":"closed","ping_status":"closed","template":"page-templates\/diversity.php","meta":{"footnotes":""},"class_list":["post-9239","page","type-page","status-publish","has-post-thumbnail"],"yoast_head":"<!-- This site is optimized with the Yoast SEO plugin v26.2 - https:\/\/yoast.com\/wordpress\/plugins\/seo\/ -->\n<title>D\u00e9couvrez l&#039;univers de l&#039;habitat - InVIDO<\/title>\n<meta name=\"robots\" content=\"index, follow, max-snippet:-1, max-image-preview:large, max-video-preview:-1\" \/>\n<link rel=\"canonical\" href=\"https:\/\/invido.de\/fr\/decouvrez-lunivers-de-lhabitat\/\" \/>\n<meta property=\"og:locale\" content=\"fr_FR\" \/>\n<meta property=\"og:type\" content=\"article\" \/>\n<meta property=\"og:title\" content=\"D\u00e9couvrez l&#039;univers de l&#039;habitat - InVIDO\" \/>\n<meta property=\"og:description\" content=\"Plongez dans notre collection vari\u00e9e d&rsquo;inspirations, de tendances et de solutions astucieuses. Que vous souhaitiez r\u00e9am\u00e9nager votre int\u00e9rieur, transformer une pi\u00e8ce ou simplement trouver le d\u00e9tail parfait, vous trouverez ici des id\u00e9es originales qui vous inspireront et vous inciteront \u00e0 r\u00e9aliser vos r\u00eaves d&rsquo;am\u00e9nagement. Laissez-vous inspirer et cr\u00e9ez votre propre espace de bien-\u00eatre !\" \/>\n<meta property=\"og:url\" content=\"https:\/\/invido.de\/fr\/decouvrez-lunivers-de-lhabitat\/\" \/>\n<meta property=\"og:site_name\" content=\"InVIDO\" \/>\n<meta property=\"article:modified_time\" content=\"2025-08-05T14:09:19+00:00\" \/>\n<meta property=\"og:image\" content=\"https:\/\/invido.de\/media\/2021\/06\/Wohnen81_04_web-scaled.jpg\" \/>\n\t<meta property=\"og:image:width\" content=\"2560\" \/>\n\t<meta property=\"og:image:height\" content=\"1707\" \/>\n\t<meta property=\"og:image:type\" content=\"image\/jpeg\" \/>\n<meta name=\"twitter:card\" content=\"summary_large_image\" \/>\n<script type=\"application\/ld+json\" class=\"yoast-schema-graph\">{\"@context\":\"https:\/\/schema.org\",\"@graph\":[{\"@type\":\"WebPage\",\"@id\":\"https:\/\/invido.de\/fr\/decouvrez-lunivers-de-lhabitat\/\",\"url\":\"https:\/\/invido.de\/fr\/decouvrez-lunivers-de-lhabitat\/\",\"name\":\"D\u00e9couvrez l'univers de l'habitat - InVIDO\",\"isPartOf\":{\"@id\":\"https:\/\/invido.de\/fr\/#website\"},\"primaryImageOfPage\":{\"@id\":\"https:\/\/invido.de\/fr\/decouvrez-lunivers-de-lhabitat\/#primaryimage\"},\"image\":{\"@id\":\"https:\/\/invido.de\/fr\/decouvrez-lunivers-de-lhabitat\/#primaryimage\"},\"thumbnailUrl\":\"https:\/\/invido.de\/media\/2021\/06\/Wohnen81_04_web-scaled.jpg\",\"datePublished\":\"2025-08-05T13:59:16+00:00\",\"dateModified\":\"2025-08-05T14:09:19+00:00\",\"breadcrumb\":{\"@id\":\"https:\/\/invido.de\/fr\/decouvrez-lunivers-de-lhabitat\/#breadcrumb\"},\"inLanguage\":\"fr-FR\",\"potentialAction\":[{\"@type\":\"ReadAction\",\"target\":[\"https:\/\/invido.de\/fr\/decouvrez-lunivers-de-lhabitat\/\"]}]},{\"@type\":\"ImageObject\",\"inLanguage\":\"fr-FR\",\"@id\":\"https:\/\/invido.de\/fr\/decouvrez-lunivers-de-lhabitat\/#primaryimage\",\"url\":\"https:\/\/invido.de\/media\/2021\/06\/Wohnen81_04_web-scaled.jpg\",\"contentUrl\":\"https:\/\/invido.de\/media\/2021\/06\/Wohnen81_04_web-scaled.jpg\",\"width\":2560,\"height\":1707,\"caption\":\"InVIDO Skandinavian Style\"},{\"@type\":\"BreadcrumbList\",\"@id\":\"https:\/\/invido.de\/fr\/decouvrez-lunivers-de-lhabitat\/#breadcrumb\",\"itemListElement\":[{\"@type\":\"ListItem\",\"position\":1,\"name\":\"Startseite\",\"item\":\"https:\/\/invido.de\/fr\/\"},{\"@type\":\"ListItem\",\"position\":2,\"name\":\"D\u00e9couvrez l&#8217;univers de l&#8217;habitat\"}]},{\"@type\":\"WebSite\",\"@id\":\"https:\/\/invido.de\/fr\/#website\",\"url\":\"https:\/\/invido.de\/fr\/\",\"name\":\"InVIDO\",\"description\":\"\",\"potentialAction\":[{\"@type\":\"SearchAction\",\"target\":{\"@type\":\"EntryPoint\",\"urlTemplate\":\"https:\/\/invido.de\/fr\/?s={search_term_string}\"},\"query-input\":{\"@type\":\"PropertyValueSpecification\",\"valueRequired\":true,\"valueName\":\"search_term_string\"}}],\"inLanguage\":\"fr-FR\"}]}<\/script>\n<!-- \/ Yoast SEO plugin. -->","yoast_head_json":{"title":"D\u00e9couvrez l'univers de l'habitat - InVIDO","robots":{"index":"index","follow":"follow","max-snippet":"max-snippet:-1","max-image-preview":"max-image-preview:large","max-video-preview":"max-video-preview:-1"},"canonical":"https:\/\/invido.de\/fr\/decouvrez-lunivers-de-lhabitat\/","og_locale":"fr_FR","og_type":"article","og_title":"D\u00e9couvrez l'univers de l'habitat - InVIDO","og_description":"Plongez dans notre collection vari\u00e9e d&rsquo;inspirations, de tendances et de solutions astucieuses. Que vous souhaitiez r\u00e9am\u00e9nager votre int\u00e9rieur, transformer une pi\u00e8ce ou simplement trouver le d\u00e9tail parfait, vous trouverez ici des id\u00e9es originales qui vous inspireront et vous inciteront \u00e0 r\u00e9aliser vos r\u00eaves d&rsquo;am\u00e9nagement. Laissez-vous inspirer et cr\u00e9ez votre propre espace de bien-\u00eatre !","og_url":"https:\/\/invido.de\/fr\/decouvrez-lunivers-de-lhabitat\/","og_site_name":"InVIDO","article_modified_time":"2025-08-05T14:09:19+00:00","og_image":[{"width":2560,"height":1707,"url":"https:\/\/invido.de\/media\/2021\/06\/Wohnen81_04_web-scaled.jpg","type":"image\/jpeg"}],"twitter_card":"summary_large_image","schema":{"@context":"https:\/\/schema.org","@graph":[{"@type":"WebPage","@id":"https:\/\/invido.de\/fr\/decouvrez-lunivers-de-lhabitat\/","url":"https:\/\/invido.de\/fr\/decouvrez-lunivers-de-lhabitat\/","name":"D\u00e9couvrez l'univers de l'habitat - InVIDO","isPartOf":{"@id":"https:\/\/invido.de\/fr\/#website"},"primaryImageOfPage":{"@id":"https:\/\/invido.de\/fr\/decouvrez-lunivers-de-lhabitat\/#primaryimage"},"image":{"@id":"https:\/\/invido.de\/fr\/decouvrez-lunivers-de-lhabitat\/#primaryimage"},"thumbnailUrl":"https:\/\/invido.de\/media\/2021\/06\/Wohnen81_04_web-scaled.jpg","datePublished":"2025-08-05T13:59:16+00:00","dateModified":"2025-08-05T14:09:19+00:00","breadcrumb":{"@id":"https:\/\/invido.de\/fr\/decouvrez-lunivers-de-lhabitat\/#breadcrumb"},"inLanguage":"fr-FR","potentialAction":[{"@type":"ReadAction","target":["https:\/\/invido.de\/fr\/decouvrez-lunivers-de-lhabitat\/"]}]},{"@type":"ImageObject","inLanguage":"fr-FR","@id":"https:\/\/invido.de\/fr\/decouvrez-lunivers-de-lhabitat\/#primaryimage","url":"https:\/\/invido.de\/media\/2021\/06\/Wohnen81_04_web-scaled.jpg","contentUrl":"https:\/\/invido.de\/media\/2021\/06\/Wohnen81_04_web-scaled.jpg","width":2560,"height":1707,"caption":"InVIDO Skandinavian Style"},{"@type":"BreadcrumbList","@id":"https:\/\/invido.de\/fr\/decouvrez-lunivers-de-lhabitat\/#breadcrumb","itemListElement":[{"@type":"ListItem","position":1,"name":"Startseite","item":"https:\/\/invido.de\/fr\/"},{"@type":"ListItem","position":2,"name":"D\u00e9couvrez l&#8217;univers de l&#8217;habitat"}]},{"@type":"WebSite","@id":"https:\/\/invido.de\/fr\/#website","url":"https:\/\/invido.de\/fr\/","name":"InVIDO","description":"","potentialAction":[{"@type":"SearchAction","target":{"@type":"EntryPoint","urlTemplate":"https:\/\/invido.de\/fr\/?s={search_term_string}"},"query-input":{"@type":"PropertyValueSpecification","valueRequired":true,"valueName":"search_term_string"}}],"inLanguage":"fr-FR"}]}},"_links":{"self":[{"href":"https:\/\/invido.de\/fr\/wp-json\/wp\/v2\/pages\/9239","targetHints":{"allow":["GET"]}}],"collection":[{"href":"https:\/\/invido.de\/fr\/wp-json\/wp\/v2\/pages"}],"about":[{"href":"https:\/\/invido.de\/fr\/wp-json\/wp\/v2\/types\/page"}],"author":[{"embeddable":true,"href":"https:\/\/invido.de\/fr\/wp-json\/wp\/v2\/users\/1"}],"replies":[{"embeddable":true,"href":"https:\/\/invido.de\/fr\/wp-json\/wp\/v2\/comments?post=9239"}],"version-history":[{"count":2,"href":"https:\/\/invido.de\/fr\/wp-json\/wp\/v2\/pages\/9239\/revisions"}],"predecessor-version":[{"id":9243,"href":"https:\/\/invido.de\/fr\/wp-json\/wp\/v2\/pages\/9239\/revisions\/9243"}],"wp:featuredmedia":[{"embeddable":true,"href":"https:\/\/invido.de\/fr\/wp-json\/wp\/v2\/media\/4342"}],"wp:attachment":[{"href":"https:\/\/invido.de\/fr\/wp-json\/wp\/v2\/media?parent=9239"}],"curies":[{"name":"wp","href":"https:\/\/api.w.org\/{rel}","templated":true}]}}